{"id":1705,"date":"2024-12-18T13:44:31","date_gmt":"2024-12-18T13:44:31","guid":{"rendered":"https:\/\/www.irishgenealogy.ie\/taifid-eaglasta-cunamh\/"},"modified":"2025-02-13T13:24:20","modified_gmt":"2025-02-13T13:24:20","slug":"taifid-eaglasta-cunamh","status":"publish","type":"page","link":"https:\/\/www.irishgenealogy.ie\/ga\/taifid-eaglasta-cunamh\/","title":{"rendered":"Taifid Eaglasta &#8211; C\u00fanamh"},"content":{"rendered":"\r\n<!--#section-faq\" -->\r\n<section class=\"section-faq bg-color-brown\">\r\n\t<div class=\"container\">\r\n\t\t<div class=\"row mt-4\">\r\n\t\t\t<div class=\"col-12 col-md-8 offset-md-2 mb-4\">\r\n\t\t\t\t<div class=\"color-brown\">\r\n\r\n\t\t\t\t\t\t\t\t\t\t\r\n\t\t\t\t\t<div class=\"accordion\" id=\"accordionExample\">\r\n\t\t\t\t\t\t\t\r\n\r\n\t\t\t\t\t\t<div class=\"accordion-item\">\r\n\t\t\t\t\t\t\t<h2 class=\"accordion-header\" id=\"headingOne\"><button aria-controls=\"collapse-0\" aria-expanded=\"false\" class=\"accordion-button collapsed\" data-bs-target=\"#collapse-0\" data-bs-toggle=\"collapse\" type=\"button\">CUARDACH BUNAITHE AR AN DUINE<\/button><\/h2>\r\n\t\t\t\t\t\t\t<div aria-labelledby=\"headingOne\" class=\"accordion-collapse collapse\" data-bs-parent=\"#accordionExample\" id=\"collapse-0\">\r\n\t\t\t\t\t\t\t\t<div class=\"accordion-body\">\r\n\t\t\t\t\t\t\t\t<p>Ligeann an deis cuardaigh maidir le Taifid Eaglasta do dhuine taifid a chuardach maidir le hainm duine, su\u00edomh, d\u00e1ta n\u00f3 na tr\u00ed ghn\u00e9 sin in \u00e9ineacht.<\/p>\n<p>Nuair a bh\u00edonn duine \u00e1 chuardach, is f\u00e9idir an t-ainm agus an sloinne a chur isteach m\u00e1 t\u00e1 siad ar eolas. Is f\u00e9idir, os a choinne sin, cuardach a dh\u00e9anamh gan a chur isteach ach sloinne, ach d\u2019fh\u00e9adfadh go dtiocfadh l\u00edon m\u00f3r tortha\u00ed ar chuardach den s\u00f3rt sin agus go mbeadh g\u00e1 le sonra\u00ed eile chun an cuardach a ch\u00fang\u00fa (f\u00e9ach an rann\u00f3g c\u00fanta a bhaineann le h\u00e1bhar).<\/p>\n<p>Is t\u00e1bhachtach a mheabhr\u00fa go bhfuil athscr\u00edobh d\u00e9anta ar ainmneacha agus sloinnte ar an l\u00e1ithre\u00e1n gr\u00e9as\u00e1in seo mar a breacadh iad i mbunchl\u00e1ir na n-eaglais\u00ed. N\u00ed dhearnadh m\u00edlitri\u00fa a cheart\u00fa agus rinneadh athscr\u00edobh ar ainmneacha \u00e1irithe nuair n\u00e1rbh inl\u00e9ite an t-ioml\u00e1n. Tarla\u00edonn uaireanta go mb\u00edonn ar thaighdeoir modhanna \u00e9ags\u00fala a thri\u00e1il chun na taifid chu\u00ed\u00a0a aimsi\u00fa.<\/p>\n<p>Sa ch\u00e1s nach eol an litri\u00fa a \u00fas\u00e1ideadh maidir le hainm n\u00f3 sloinne duine, is f\u00e9idir leas a bhaint as carachtar saor\u00f3ige agus r\u00e9ilt\u00edn (*) a chur isteach in ionad litreacha nach bhfuil ar eolas. Mar shampla, m\u00e1 chuarda\u00edtear le \u2018M*Carthy\u2019, gheofar tortha\u00ed maidir le \u2018McCarthy\u2019 agus le \u2018MacCarthy\u2019. D\u2019fh\u00e9adfadh athscr\u00edobh ar shloinne ar ball tosaigh ann \u00d3 (Ua), mar shampla O\u2019Brien, a bheith i bhfoirm O\u2019Brien, O Brien n\u00f3 Obrien. Baintear triail as na leaganacha go l\u00e9ir. T\u00e1 sloinnte seachas a ch\u00e9ile ar deacair leaganacha orthu a mheabhr\u00fa. Mar shampla, i dtaifid Chiarra\u00ed, is minic a bhreactar McKenna i bhfoirm Gna, Gnaw, Guinaw, agus mar sin de.\u00a0 Leaganacha iad sin a th\u00e1inig chun cinn le himeacht aimsire mar gheall ar ch\u00farsa\u00ed foghra\u00edochta agus gn\u00e1s d\u00e1 r\u00e9ir.<\/p>\n<p>T\u00e1 cuardach maidir le leaganacha \u00e9ags\u00fala de shloinne ina ghn\u00e9 den deis cuardaigh. D\u00e9antar cuardach go huathoibr\u00edoch i mbunachar sonra\u00ed de leaganacha \u00e9ags\u00fala sloinnte, n\u00f3sanna \u00e9ags\u00fala litrithe at\u00e1 ar eolas san \u00e1ireamh, agus cuirtear leaganacha \u00e9ags\u00fala i l\u00e1thair den ainm a cuarda\u00edodh.\u00a0 D\u00e1 r\u00e9ir sin, m\u00e1 chuarda\u00edtear McKenna, cuirfear tortha\u00ed i l\u00e1thair freisin maidir le MacKenna, Mc Kenna, M\u2019Kenna, Gna, Guinaw, etc.\u00a0 Is \u00e1is ar an tairseach cuardaigh an deis seo maidir le leaganacha \u00e9ags\u00fala de shloinnte agus n\u00ed \u00e1it\u00edtear gach leagan n\u00e1 gach n\u00f3s litrithe a thabhairt chun aire agus n\u00ed bhearta\u00edtear ceangal d\u00edreach idir sloinnte \u00e9ags\u00fala a chur in i\u00fal leis. Mar shampla, is coitianta mar shloinne McElligott i gCiarra\u00ed a dtarla\u00edonn \u00f3 am go ch\u00e9ile a athscr\u00edobh i bhfoirm Elliot, ach is sloinne neamhghaolmhar faoi leith Elliot chomh maith a tharla\u00edonn n\u00edos coitianta n\u00e1 sin i dtaifid Bhaile \u00c1tha Cliath.<\/p>\n<p>D\u2019fh\u00e9adfadh casadh eile a theacht sa sc\u00e9al m\u00e1s taifead ar leagan Laidine den ainm a luaitear de rogha ar leagan B\u00e9arla. Seo a leanas roinnt de na leaganacha Laidine is coitianta a dtiocfa\u00ed trasna orthu agus an t-aistri\u00fach\u00e1n B\u00e9arla.<\/p>\n<ul>\n<li style=\"list-style-type: none;\">\n<ul>\n<li>Carolus \u2013 Charles<\/li>\n<li>Demetrius \u2013 Jeremiah, Diarmuid, Darby<\/li>\n<li>Gulielmus \u2013 William<\/li>\n<li>Honoria \u2013 Nora<\/li>\n<li>Jacobus \u2013 James<\/li>\n<li>Joannes n\u00f3 Ioannes \u2013 John<\/li>\n<li>Petrus \u2013 Peter<\/li>\n<li>Thaddeus \u2013 Timothy<\/li>\n<\/ul>\n<\/li>\n<\/ul>\n<p>&nbsp;<\/p>\n<p>Cuirtear i l\u00e1thair gach taifead ina bhfuil an t-ainm\/sloinne le tortha\u00ed an chuardaigh. D\u2019fh\u00e9adfadh gur c\u00e9ile, duine clainne, tuismitheoir, Caras Cr\u00edost, finn\u00e9 n\u00f3\u00a0eile an duine ar a raibh an t-ainm\/sloinne.\u00a0 Is ar an gcuma sin is fearr an seans go n-aimseofar an taifead at\u00e1 de dh\u00edth agus \u00e9asca\u00edtear freisin ceangal idir daoine a thabhairt chun suntais. Mar shampla, d\u2019fh\u00e9adfadh gaol gairid ag Caras Cr\u00edost n\u00f3 finn\u00e9 (e.g. dearth\u00e1ir, deirfi\u00far, col ceathrar n\u00f3 eile) le leanbh n\u00f3 duine a ph\u00f3s.<\/p>\n<p>Nuair a chuirtear tortha\u00ed cuardaigh i l\u00e1thair, is f\u00e9idir ach an c\u00fars\u00f3ir a choinne\u00e1il os cionn aon toradh amh\u00e1in, bosca an\u00edos a chur ar taispe\u00e1int ina bhfuil fothacar de shonra\u00ed an taifid sin, rud a chuideodh leis an taighdeoir. Is f\u00e9idir clice\u00e1il ar achoimre taifid agus feicfear an taifead ioml\u00e1n.<\/p>\n<p>&nbsp;<\/p>\n\t\t\t\t\t\t\t\t<\/div>\r\n\t\t\t\t\t\t\t<\/div>\r\n\t\t\t\t\t\t<\/div>\r\n\r\n\t\t\t\t\t\t\t\r\n\r\n\t\t\t\t\t\t<div class=\"accordion-item\">\r\n\t\t\t\t\t\t\t<h2 class=\"accordion-header\" id=\"headingOne\"><button aria-controls=\"collapse-1\" aria-expanded=\"false\" class=\"accordion-button collapsed\" data-bs-target=\"#collapse-1\" data-bs-toggle=\"collapse\" type=\"button\">CUARDACH BUNAITHE AR AN \u00c1IT<\/button><\/h2>\r\n\t\t\t\t\t\t\t<div aria-labelledby=\"headingOne\" class=\"accordion-collapse collapse\" data-bs-parent=\"#accordionExample\" id=\"collapse-1\">\r\n\t\t\t\t\t\t\t\t<div class=\"accordion-body\">\r\n\t\t\t\t\t\t\t\t<p>Is f\u00e9idir leis an lucht taighde taifid a chuardach bunaithe ar an \u00e1it. Seo an leanas go bun\u00fasach an leagan amach at\u00e1 ar thaifid eaglasta maidir le c\u00farsa\u00ed topagrafa\u00edochta: Deoise; Par\u00f3iste; Baile Fearainn n\u00f3 Sr\u00e1id.\u00a0 Nuair a dh\u00e9antar cuardach bunaithe ar \u00e1it, cuirtear i l\u00e1thair le tortha\u00ed an chuardaigh gach taifead ina luaitear an t-ainm \u00e1ite i r\u00e9imse a bhaineann le seoladh n\u00f3 le su\u00edomh.<\/p>\n<p>Nuair a bh\u00edonn sr\u00e1id, par\u00e1id, ascall, ard\u00e1n, cearn\u00f3g, pl\u00e1s\u00f3g n\u00f3 eile \u00e1 chuardach, moltar gan a chur isteach ach ainm na sr\u00e1ide gan an dara cuid maidir le cine\u00e1l na sr\u00e1ide a lua go f\u00f3ill. Mar shampla, cuirtear isteach &#8216;Glengariff&#8217;, seachas &#8216;Glengariff Parade&#8217;, &#8216;Mountjoy&#8217; seachas &#8216;Mountjoy Square&#8217;, agus &#8216;Park&#8217; seachas &#8216;Park Avenue&#8217;.<\/p>\n<p>San am a caitheadh, n\u00ed mar a ch\u00e9ile i gc\u00f3na\u00ed a luait\u00ed seoladh sna taifid agus is minic nach luaitear an seoladh ar chor ar bith sna taifid. Anuas ar an m\u00e9id sin, tharla\u00edodh \u00e9ags\u00falacht mh\u00f3r sa litri\u00fa ar ainmneacha na mbailte fearainn. D\u2019fh\u00e9adfadh gur th\u00e1inig athr\u00fa, le linn thr\u00e9imhse na dtaifead, ar theorainneacha seanbhunaithe bhaile fearainn, n\u00f3 go rabhthas m\u00edchruinn ina leith, m\u00e1 bhain \u00e9iginnteacht ar bith le teorainn.<\/p>\n<p>T\u00e1 acmhainn\u00ed ar f\u00e1il ar l\u00edne a chuideodh le ceisteanna faoi ch\u00farsa\u00ed topagrafa\u00edochta, go h\u00e1irithe maidir le hainm baile fearainn agus le su\u00edomhanna.<\/p>\n<ul>\n<li>Is \u00e1is \u00fas\u00e1id thagartha Bunachar Logainmneacha na h\u00c9ireann ar f\u00e9idir a thap\u00fa ar l\u00edne ar <a href=\"http:\/\/www.logainm.ie\/\">www.logainm.ie<\/a>. Is acmhainn th\u00e1bhachtach seo ag lucht staire agus ag taighdeoir\u00ed ginealais.\u00a0 Cuirtear mioneolas ar f\u00e1il faoi \u00e1iteanna agus faoin gciall at\u00e1 le logainmneacha.<\/li>\n<li>Tailte Eireann an ghn\u00edomhaireacht n\u00e1isi\u00fanta map\u00e1la in \u00c9irinn agus is f\u00e9idir a thap\u00fa\u00a0ar l\u00edne ar <a href=\"https:\/\/www.tailte.ie\/en\/surveying\/products\/professional-mapping\/historical-maps-and-data\/\">Tailte Eireann<\/a>. T\u00e1 deis idirghn\u00edomhach mapa\u00ed a fheice\u00e1il ar an l\u00e1ithre\u00e1n gr\u00e9as\u00e1in tr\u00ednar f\u00e9idir le duine mapa\u00ed agus grianghraif \u00f3n aer d\u2019\u00e1iteanna \u00e9ags\u00fala a scr\u00fad\u00fa.<\/li>\n<\/ul>\n<p><strong>\u00a0<\/strong><\/p>\n<p><strong>\u00a0<\/strong><\/p>\n<p><strong>\u00a0<\/strong><\/p>\n\t\t\t\t\t\t\t\t<\/div>\r\n\t\t\t\t\t\t\t<\/div>\r\n\t\t\t\t\t\t<\/div>\r\n\r\n\t\t\t\t\t\t\t\r\n\r\n\t\t\t\t\t\t<div class=\"accordion-item\">\r\n\t\t\t\t\t\t\t<h2 class=\"accordion-header\" id=\"headingOne\"><button aria-controls=\"collapse-2\" aria-expanded=\"false\" class=\"accordion-button collapsed\" data-bs-target=\"#collapse-2\" data-bs-toggle=\"collapse\" type=\"button\">BRABHS\u00c1IL DE R\u00c9IR \u00c1ITE<\/button><\/h2>\r\n\t\t\t\t\t\t\t<div aria-labelledby=\"headingOne\" class=\"accordion-collapse collapse\" data-bs-parent=\"#accordionExample\" id=\"collapse-2\">\r\n\t\t\t\t\t\t\t\t<div class=\"accordion-body\">\r\n\t\t\t\t\t\t\t\t<p>I gc\u00e1sanna \u00e1irithe, d\u2019fh\u00e9adfadh gur \u00e1isi\u00fail l\u00e9argas a fh\u00e1il ar na taifid uile a bhaineann le deoise n\u00f3 le par\u00f3iste. Tugtar deis brabhs\u00e1il de r\u00e9ir limist\u00e9ir a dh\u00e9anamh ar an mbunachar sonra\u00ed sa t\u00e1b tosaigh maidir le Cuardach a dh\u00e9anamh ar thaifid eaglasta.<br \/>\nM\u00e1 roghna\u00edtear Deoise agus Par\u00f3iste faoi leith, cuirfear i l\u00e1thair na taifid ghaolmhara ar fad maidir leis an limist\u00e9ar sin de r\u00e9ir ord d\u00e1ta.<\/p>\n\t\t\t\t\t\t\t\t<\/div>\r\n\t\t\t\t\t\t\t<\/div>\r\n\t\t\t\t\t\t<\/div>\r\n\r\n\t\t\t\t\t\t\t\r\n\r\n\t\t\t\t\t\t<div class=\"accordion-item\">\r\n\t\t\t\t\t\t\t<h2 class=\"accordion-header\" id=\"headingOne\"><button aria-controls=\"collapse-3\" aria-expanded=\"false\" class=\"accordion-button collapsed\" data-bs-target=\"#collapse-3\" data-bs-toggle=\"collapse\" type=\"button\">CUARDACH MAIDIR LE TAIFID EAGLASTA A CH\u00daNG\u00da<\/button><\/h2>\r\n\t\t\t\t\t\t\t<div aria-labelledby=\"headingOne\" class=\"accordion-collapse collapse\" data-bs-parent=\"#accordionExample\" id=\"collapse-3\">\r\n\t\t\t\t\t\t\t\t<div class=\"accordion-body\">\r\n\t\t\t\t\t\t\t\t<p>Nuair a bh\u00edonn crit\u00e9ir cuardaigh \u00e1 gcur isteach maidir le tortha\u00ed tosaigh, b\u2019fh\u00e9idir gur mhian le taighdeoir c\u00fang\u00fa a dh\u00e9anamh ar thortha\u00ed an chuardaigh tr\u00edd an rogha maidir leis sin a roghn\u00fa sa taobh-bharra le fuinneog na dtortha\u00ed.<br \/>\nIs f\u00e9idir mionroghn\u00fa a dh\u00e9anamh de r\u00e9ir chine\u00e1l na h\u00f3c\u00e1ide tr\u00ed roghn\u00fa idir taifid baiste, p\u00f3sta n\u00f3 adhlactha, ionas nach gcuirtear i l\u00e1thair ach na taifid sin a bhaineann le h\u00e1bhar duit. Is f\u00e9idir deal\u00fa a dh\u00e9anamh ar thortha\u00ed cuardaigh freisin maidir le deoise n\u00f3 par\u00f3iste n\u00f3 maidir le tr\u00e9imhse c\u00e9ad bliain n\u00f3 tr\u00e9imhse deich mbliana, ach roghanna d\u00e1 r\u00e9ir sa taobh-bharra a roghn\u00fa.<br \/>\nL\u00edon na dtaifead a bhaineann le gach rogha at\u00e1 i gceist leis na huimhreacha a fheictear leis na roghanna \u00e9ags\u00fala sa taobh-bharra. Mar shampla, tugann \u201cLucan R.C. (70)\u201d, \u201cPalmerstown R.C. (14)\u201d le fios go bhfuil 70 taifead ar na tortha\u00ed a bhaineann le Leamhc\u00e1n agus 14 taifead a bhaineann le Baile Ph\u00e1mair.<br \/>\nIs f\u00e9idir le taighdeoir ainm an dara duine at\u00e1 ceangailte le h\u00f3c\u00e1id a lua chomh maith, mar shampla an dara c\u00e9ile p\u00f3sta. M\u00e1 chuirtear sonra\u00ed sa bhosca do chuardach le duine breise, tabharfar c\u00fang\u00fa ar thortha\u00ed an chuardaigh ionas nach bhfeictear ach an chuid ina luaitear ainm an duine sin freisin sa taifead.<\/p>\n\t\t\t\t\t\t\t\t<\/div>\r\n\t\t\t\t\t\t\t<\/div>\r\n\t\t\t\t\t\t<\/div>\r\n\r\n\t\t\t\t\t\t\t\r\n\r\n\t\t\t\t\t\t<div class=\"accordion-item\">\r\n\t\t\t\t\t\t\t<h2 class=\"accordion-header\" id=\"headingOne\"><button aria-controls=\"collapse-4\" aria-expanded=\"false\" class=\"accordion-button collapsed\" data-bs-target=\"#collapse-4\" data-bs-toggle=\"collapse\" type=\"button\">CUARDACH DE R\u00c9IR D\u00c1TA<\/button><\/h2>\r\n\t\t\t\t\t\t\t<div aria-labelledby=\"headingOne\" class=\"accordion-collapse collapse\" data-bs-parent=\"#accordionExample\" id=\"collapse-4\">\r\n\t\t\t\t\t\t\t\t<div class=\"accordion-body\">\r\n\t\t\t\t\t\t\t\t<p>Is f\u00e9idir cuardach a dh\u00e9anamh de r\u00e9ir d\u00e1ta leis an deis cuardaigh, fi\u00fa mura mb\u00edonn an d\u00e1ta ioml\u00e1n ar eolas. Mar shampla, i nd\u00e1il le m\u00ed M\u00e1rta 1867, cuirtear 03 i mbosca na m\u00edosa agus 1867 i mbosca na bliana. Cuirfear i l\u00e1thair gach taifead ina bhfuil an d\u00e1ta sin i gceann de na r\u00e9ims\u00ed d\u00e1ta\u00ed.<br \/>\nI gc\u00e1sanna \u00e1irithe, luaitear an d\u00e1ta breithe i dtaifead baiste agus an d\u00e1ta b\u00e1is i dtaifead adhlactha. D\u00e9antar cuardach ar fud na r\u00e9ims\u00ed d\u00e1ta\u00ed sin chomh maith.<\/p>\n\t\t\t\t\t\t\t\t<\/div>\r\n\t\t\t\t\t\t\t<\/div>\r\n\t\t\t\t\t\t<\/div>\r\n\r\n\t\t\t\t\t\t\t\r\n\r\n\t\t\t\t\t\t<div class=\"accordion-item\">\r\n\t\t\t\t\t\t\t<h2 class=\"accordion-header\" id=\"headingOne\"><button aria-controls=\"collapse-5\" aria-expanded=\"false\" class=\"accordion-button collapsed\" data-bs-target=\"#collapse-5\" data-bs-toggle=\"collapse\" type=\"button\">TORTHA\u00cd CUARDAIGH A SH\u00d3RT\u00c1IL AGUS A FHEICE\u00c1IL<\/button><\/h2>\r\n\t\t\t\t\t\t\t<div aria-labelledby=\"headingOne\" class=\"accordion-collapse collapse\" data-bs-parent=\"#accordionExample\" id=\"collapse-5\">\r\n\t\t\t\t\t\t\t\t<div class=\"accordion-body\">\r\n\t\t\t\t\t\t\t\t<p><strong>Cuirtear tortha\u00ed\u00a0cuardaigh i l\u00e1thair le dh\u00e1 rogha s\u00f3rt\u00e1la is f\u00e9idir a thap\u00fa \u00f3n meirge uachtair ar leathanach thortha\u00ed an chuardaigh.<\/strong><\/p>\n<p><strong><u>Rogha 1<\/u><\/strong><strong>.<\/strong>\u00a0 Tortha\u00ed a sh\u00f3rt\u00e1il de r\u00e9ir ord cruinnis. F\u00e1gann sin go gcuirtear taifid i l\u00e1thair san ord seo a leanas:<\/p>\n<ul>\n<li style=\"list-style-type: none;\">\n<ul>\n<li>Cruinneas r\u00e9imse an chuardaigh, i.e. an litri\u00fa sonrach ar an ainm\/sloinne mar a cl\u00e1ra\u00edodh. N\u00ed leagtar t\u00e1bhacht chomh m\u00f3r c\u00e9anna ar leaganacha eile den ainm\/sloinne agus cuirtear iad sin i l\u00e1thair n\u00edos faide s\u00edos liosta na dtortha\u00ed.<\/li>\n<\/ul>\n<\/li>\n<\/ul>\n<ul>\n<li style=\"list-style-type: none;\">\n<ul>\n<li>D\u00e9antar taifid ar ionann an leibh\u00e9al cruinnis maidir leo a sh\u00f3rt\u00e1il i nd\u00e1il leis an l\u00edon uaireanta a dtagann an r\u00e9imse cuardaigh i gceist. Mar shampla, sa ch\u00e1s go nd\u00e9antar cuardach maidir leis an sloinne Harrison, cuirfear taifid ina luaitear n\u00edos m\u00f3 n\u00e1 duine amh\u00e1in den sloinne sin i l\u00e1thair n\u00edos faide suas an liosta n\u00e1 taifid le aon tagairt amh\u00e1in don sloinne.<\/li>\n<\/ul>\n<\/li>\n<\/ul>\n<ul>\n<li style=\"list-style-type: none;\">\n<ul>\n<li>Ar an ngn\u00e9 dheireanach den ts\u00f3rt\u00e1il, cuirtear na taifid in ord dh\u00e1ta\u00ed na n-\u00f3c\u00e1id\u00ed.<\/li>\n<\/ul>\n<\/li>\n<\/ul>\n<p><strong><u>Rogha 2<\/u><\/strong><strong>.<\/strong> Tortha\u00ed a sh\u00f3rt\u00e1il de r\u00e9ir ord d\u00e1ta\u00ed. Is de r\u00e9ir dh\u00e1ta na h\u00f3c\u00e1ide a shocra\u00edtear an t-ord ina gcuirtear na taifid i l\u00e1thair. Tugann an rogha seo deis don stara\u00ed s\u00f3isialta imeachta\u00ed i limist\u00e9ar faoi leith a l\u00e9iri\u00fa de r\u00e9ir ama.<\/p>\n\t\t\t\t\t\t\t\t<\/div>\r\n\t\t\t\t\t\t\t<\/div>\r\n\t\t\t\t\t\t<\/div>\r\n\r\n\t\t\t\t\t\t\t\r\n\r\n\t\t\t\t\t\t<div class=\"accordion-item\">\r\n\t\t\t\t\t\t\t<h2 class=\"accordion-header\" id=\"headingOne\"><button aria-controls=\"collapse-6\" aria-expanded=\"false\" class=\"accordion-button collapsed\" data-bs-target=\"#collapse-6\" data-bs-toggle=\"collapse\" type=\"button\">C\u00c9 NA TAIFID EAGLASTA AT\u00c1 AR F\u00c1IL AR L\u00cdNE? <\/button><\/h2>\r\n\t\t\t\t\t\t\t<div aria-labelledby=\"headingOne\" class=\"accordion-collapse collapse\" data-bs-parent=\"#accordionExample\" id=\"collapse-6\">\r\n\t\t\t\t\t\t\t\t<div class=\"accordion-body\">\r\n\t\t\t\t\t\t\t\t<p>T\u00e1 teacht ar l\u00edon m\u00f3r taifead Baiste, P\u00f3sta agus Adhlactha roimh an 20\u00fa aois is luaithe i gcuid mhaith c\u00e1sanna n\u00e1 aon Chl\u00e1r Sibhialta at\u00e1 ar f\u00e1il. \u00c1ir\u00edtear orthu sin:<\/p>\n<ul>\n<li>Athscr\u00edbhinn na dtaifead baiste agus na dtaifead p\u00f3sta i nDeoise Chaitliceach R\u00f3mh\u00e1nach Chiarra\u00ed anall go dt\u00ed c. 1900<\/li>\n<li>Gach cl\u00e1r baiste, p\u00f3sta agus adhlactha a bhaineann leis an Eaglais Chaitliceach R\u00f3mh\u00e1nach i gCathair Bhaile \u00c1tha Cliath<\/li>\n<li>Gach taifead baiste de chuid Eaglais na h\u00c9ireann at\u00e1 ar marthain<\/li>\n<li>Gach cl\u00e1r p\u00f3sta agus adhlactha a bhaineann le Cathair Bhaile \u00c1tha Cliath<\/li>\n<\/ul>\n<p><strong>\u00a0<\/strong><\/p>\n\t\t\t\t\t\t\t\t<\/div>\r\n\t\t\t\t\t\t\t<\/div>\r\n\t\t\t\t\t\t<\/div>\r\n\r\n\t\t\t\t\t\t\t\r\n\r\n\t\t\t\t\t\t<div class=\"accordion-item\">\r\n\t\t\t\t\t\t\t<h2 class=\"accordion-header\" id=\"headingOne\"><button aria-controls=\"collapse-7\" aria-expanded=\"false\" class=\"accordion-button collapsed\" data-bs-target=\"#collapse-7\" data-bs-toggle=\"collapse\" type=\"button\"> C\u00c9N FHAISN\u00c9IS A THUGTAR SNA TAIFID EAGLASTA?<\/button><\/h2>\r\n\t\t\t\t\t\t\t<div aria-labelledby=\"headingOne\" class=\"accordion-collapse collapse\" data-bs-parent=\"#accordionExample\" id=\"collapse-7\">\r\n\t\t\t\t\t\t\t\t<div class=\"accordion-body\">\r\n\t\t\t\t\t\t\t\t<p>Caomhna\u00edtear sna taifid eaglasta sonra\u00ed baiste, p\u00f3sta agus adhlactha a bhaineann le par\u00f3iste, eaglais n\u00f3 pobal faoi leith agus a thiomsaigh an t-eaglaiseach cu\u00ed sa chuid is m\u00f3 de na c\u00e1sanna.<br \/>\nT\u00e1 \u00e9ags\u00falacht mh\u00f3r i gceist le leibh\u00e9al mioneolais na dtaifead agus d\u2019fh\u00e9adfadh \u00e9ags\u00falacht mh\u00f3r a bheith i gceist le taifid aon phar\u00f3iste, eaglais n\u00f3 pobal ar bith le himeacht aimsire.<br \/>\nGo ginear\u00e1lta, b\u00edonn tuairisc i dtaifead baiste ar an d\u00e1ta baiste; ainmneacha agus sloinne an linbh agus na dtuismitheoir\u00ed agus ainmneacha\/sloinnte na ndaoine a sheas leis an leanbh. D\u2019fh\u00e9adfadh seoladh an teaghlaigh agus ainm an eaglaisigh a bheith ar taifead chomh maith.<br \/>\nIs iond\u00fail an d\u00e1ta p\u00f3sta, ainmneacha\/sloinnte na gc\u00e9il\u00ed p\u00f3sta agus ainmneacha\/sloinnte na bhfinn\u00e9ithe a lua sna taifid p\u00f3sta. D\u2019fh\u00e9adfadh eolas eile, mar shampla ainmneacha\/sloinnte thuismitheoir\u00ed na gc\u00e9il\u00ed p\u00f3sta, \u00e1iteanna c\u00f3naithe, aoiseanna, slite beatha na gc\u00e9il\u00ed p\u00f3sta agus ainm an eaglaisigh a bheith ar taifead chomh maith.<br \/>\nN\u00ed m\u00f3ide go leor faisn\u00e9ise ar thaifead adhlactha na hEaglaise Caitlic\u00ed, tarla\u00edonn go minic gan ann ach tuairisc ar an d\u00e1ta adhlactha, ainm agus sloinne agus seoladh an t\u00e9 a d\u2019\u00e9ag agus, b\u2019fh\u00e9idir, aois an duine sin. Is ioma\u00ed par\u00f3iste nach raibh cl\u00e1r adhlactha iontu roimh an mbliain 1900 agus is iond\u00fail gur sa leath thuaidh den oile\u00e1n na par\u00f3ist\u00ed ina raibh. Bh\u00ed claonadh n\u00edos m\u00f3 sonra\u00ed adhlactha a lua i dtaifid Eaglais na h\u00c9ireann.<br \/>\nUaireanta, d\u2019fh\u00e9adfadh tuairisc breise sna taifid, mar shampla ainm agus sloinne fhinn\u00e9ithe breise n\u00f3 sonra\u00ed faoi \u00f3c\u00e1id\u00ed n\u00edos deireana\u00ed a bhain le duine de na daoine.<\/p>\n\t\t\t\t\t\t\t\t<\/div>\r\n\t\t\t\t\t\t\t<\/div>\r\n\t\t\t\t\t\t<\/div>\r\n\r\n\t\t\t\t\t\t\t\r\n\t\t\t\t\t<\/div>\r\n\t\t\t\t\t\t\t\t\t<\/div>\r\n\t\t\t<\/div>\r\n\t\t<\/div>\r\n\t<\/div>\r\n<\/section>\r\n","protected":false},"excerpt":{"rendered":"","protected":false},"author":11,"featured_media":0,"parent":0,"menu_order":0,"comment_status":"closed","ping_status":"closed","template":"","meta":{"_acf_changed":false,"footnotes":""},"class_list":["post-1705","page","type-page","status-publish","hentry"],"acf":[],"yoast_head":"<!-- This site is optimized with the Yoast SEO plugin v27.2 - https:\/\/yoast.com\/product\/yoast-seo-wordpress\/ -->\n<title>Taifid Eaglasta - C\u00fanamh - Irish Genealogy<\/title>\n<meta name=\"robots\" content=\"index, follow, max-snippet:-1, max-image-preview:large, max-video-preview:-1\" \/>\n<link rel=\"canonical\" href=\"https:\/\/www.irishgenealogy.ie\/ga\/taifid-eaglasta-cunamh\/\" \/>\n<meta property=\"og:locale\" content=\"ga_IE\" \/>\n<meta property=\"og:type\" content=\"article\" \/>\n<meta property=\"og:title\" content=\"Taifid Eaglasta - C\u00fanamh - Irish Genealogy\" \/>\n<meta property=\"og:url\" content=\"https:\/\/www.irishgenealogy.ie\/ga\/taifid-eaglasta-cunamh\/\" \/>\n<meta property=\"og:site_name\" content=\"Irish Genealogy\" \/>\n<meta property=\"article:modified_time\" content=\"2025-02-13T13:24:20+00:00\" \/>\n<meta name=\"twitter:card\" content=\"summary_large_image\" \/>\n<script type=\"application\/ld+json\" class=\"yoast-schema-graph\">{\"@context\":\"https:\/\/schema.org\",\"@graph\":[{\"@type\":\"WebPage\",\"@id\":\"https:\/\/www.irishgenealogy.ie\/ga\/taifid-eaglasta-cunamh\/\",\"url\":\"https:\/\/www.irishgenealogy.ie\/ga\/taifid-eaglasta-cunamh\/\",\"name\":\"Taifid Eaglasta - C\u00fanamh - Irish Genealogy\",\"isPartOf\":{\"@id\":\"https:\/\/www.irishgenealogy.ie\/#website\"},\"datePublished\":\"2024-12-18T13:44:31+00:00\",\"dateModified\":\"2025-02-13T13:24:20+00:00\",\"breadcrumb\":{\"@id\":\"https:\/\/www.irishgenealogy.ie\/ga\/taifid-eaglasta-cunamh\/#breadcrumb\"},\"inLanguage\":\"ga-IE\",\"potentialAction\":[{\"@type\":\"ReadAction\",\"target\":[\"https:\/\/www.irishgenealogy.ie\/ga\/taifid-eaglasta-cunamh\/\"]}]},{\"@type\":\"BreadcrumbList\",\"@id\":\"https:\/\/www.irishgenealogy.ie\/ga\/taifid-eaglasta-cunamh\/#breadcrumb\",\"itemListElement\":[{\"@type\":\"ListItem\",\"position\":1,\"name\":\"Home\",\"item\":\"https:\/\/www.irishgenealogy.ie\/ga\/\"},{\"@type\":\"ListItem\",\"position\":2,\"name\":\"Taifid Eaglasta &#8211; C\u00fanamh\"}]},{\"@type\":\"WebSite\",\"@id\":\"https:\/\/www.irishgenealogy.ie\/#website\",\"url\":\"https:\/\/www.irishgenealogy.ie\/\",\"name\":\"Irish Genealogy\",\"description\":\"Explore Your Family History - Search Records\",\"potentialAction\":[{\"@type\":\"SearchAction\",\"target\":{\"@type\":\"EntryPoint\",\"urlTemplate\":\"https:\/\/www.irishgenealogy.ie\/?s={search_term_string}\"},\"query-input\":{\"@type\":\"PropertyValueSpecification\",\"valueRequired\":true,\"valueName\":\"search_term_string\"}}],\"inLanguage\":\"ga-IE\"}]}<\/script>\n<!-- \/ Yoast SEO plugin. -->","yoast_head_json":{"title":"Taifid Eaglasta - C\u00fanamh - Irish Genealogy","robots":{"index":"index","follow":"follow","max-snippet":"max-snippet:-1","max-image-preview":"max-image-preview:large","max-video-preview":"max-video-preview:-1"},"canonical":"https:\/\/www.irishgenealogy.ie\/ga\/taifid-eaglasta-cunamh\/","og_locale":"ga_IE","og_type":"article","og_title":"Taifid Eaglasta - C\u00fanamh - Irish Genealogy","og_url":"https:\/\/www.irishgenealogy.ie\/ga\/taifid-eaglasta-cunamh\/","og_site_name":"Irish Genealogy","article_modified_time":"2025-02-13T13:24:20+00:00","twitter_card":"summary_large_image","schema":{"@context":"https:\/\/schema.org","@graph":[{"@type":"WebPage","@id":"https:\/\/www.irishgenealogy.ie\/ga\/taifid-eaglasta-cunamh\/","url":"https:\/\/www.irishgenealogy.ie\/ga\/taifid-eaglasta-cunamh\/","name":"Taifid Eaglasta - C\u00fanamh - Irish Genealogy","isPartOf":{"@id":"https:\/\/www.irishgenealogy.ie\/#website"},"datePublished":"2024-12-18T13:44:31+00:00","dateModified":"2025-02-13T13:24:20+00:00","breadcrumb":{"@id":"https:\/\/www.irishgenealogy.ie\/ga\/taifid-eaglasta-cunamh\/#breadcrumb"},"inLanguage":"ga-IE","potentialAction":[{"@type":"ReadAction","target":["https:\/\/www.irishgenealogy.ie\/ga\/taifid-eaglasta-cunamh\/"]}]},{"@type":"BreadcrumbList","@id":"https:\/\/www.irishgenealogy.ie\/ga\/taifid-eaglasta-cunamh\/#breadcrumb","itemListElement":[{"@type":"ListItem","position":1,"name":"Home","item":"https:\/\/www.irishgenealogy.ie\/ga\/"},{"@type":"ListItem","position":2,"name":"Taifid Eaglasta &#8211; C\u00fanamh"}]},{"@type":"WebSite","@id":"https:\/\/www.irishgenealogy.ie\/#website","url":"https:\/\/www.irishgenealogy.ie\/","name":"Irish Genealogy","description":"Explore Your Family History - Search Records","potentialAction":[{"@type":"SearchAction","target":{"@type":"EntryPoint","urlTemplate":"https:\/\/www.irishgenealogy.ie\/?s={search_term_string}"},"query-input":{"@type":"PropertyValueSpecification","valueRequired":true,"valueName":"search_term_string"}}],"inLanguage":"ga-IE"}]}},"_links":{"self":[{"href":"https:\/\/www.irishgenealogy.ie\/ga\/wp-json\/wp\/v2\/pages\/1705","targetHints":{"allow":["GET"]}}],"collection":[{"href":"https:\/\/www.irishgenealogy.ie\/ga\/wp-json\/wp\/v2\/pages"}],"about":[{"href":"https:\/\/www.irishgenealogy.ie\/ga\/wp-json\/wp\/v2\/types\/page"}],"author":[{"embeddable":true,"href":"https:\/\/www.irishgenealogy.ie\/ga\/wp-json\/wp\/v2\/users\/11"}],"replies":[{"embeddable":true,"href":"https:\/\/www.irishgenealogy.ie\/ga\/wp-json\/wp\/v2\/comments?post=1705"}],"version-history":[{"count":3,"href":"https:\/\/www.irishgenealogy.ie\/ga\/wp-json\/wp\/v2\/pages\/1705\/revisions"}],"predecessor-version":[{"id":1854,"href":"https:\/\/www.irishgenealogy.ie\/ga\/wp-json\/wp\/v2\/pages\/1705\/revisions\/1854"}],"wp:attachment":[{"href":"https:\/\/www.irishgenealogy.ie\/ga\/wp-json\/wp\/v2\/media?parent=1705"}],"curies":[{"name":"wp","href":"https:\/\/api.w.org\/{rel}","templated":true}]}}