{"id":177,"date":"2021-11-08T15:46:40","date_gmt":"2021-11-08T15:46:40","guid":{"rendered":"https:\/\/irishgenealogy.fusio.dev\/get-help\/"},"modified":"2025-03-06T11:07:56","modified_gmt":"2025-03-06T11:07:56","slug":"get-help","status":"publish","type":"page","link":"https:\/\/www.irishgenealogy.ie\/ga\/genealogical-research\/get-help\/","title":{"rendered":"C\u00fanamh le Taighde agus Foilseach\u00e1in"},"content":{"rendered":"<div class=\"container blockless\">\n<p class=\"has-text-color has-link-color has-medium-font-size wp-elements-8df6b38e3777926afd4c1c284d49cb17\" style=\"color:#757a15\"><strong>Taighde a Choimisi\u00fan\u00fa<\/strong><\/p>\n<\/div>\n\n<div class=\"container blockless\">\n<ul class=\"wp-block-list has-black-color has-text-color has-link-color wp-elements-5df967e335704e7cfceeb0635c9c9829\"><div class=\"container blockless\">\n<li><a href=\"https:\/\/www.nli.ie\/ga\/stair-theaghlaigh\/tseirbhis-staire-teaghlaigh\"><strong>Leabharlann n\u00e1isi\u00fanta na h\u00c9ireann<\/strong><\/a><\/li>\n<\/div>\n\n<div class=\"container blockless\">\n<li><a href=\"https:\/\/accreditedgenealogists.ie\/commissioning-research\/\"><strong>Ginealeolaithe Creidi\u00fanaithe na h\u00c9ireann<\/strong><\/a><\/li>\n<\/div><\/ul>\n<\/div>\n\n<div class=\"container blockless\">\n<h2 class=\"wp-block-heading has-text-color has-link-color has-medium-font-size wp-elements-7dd402a91300aa4295304696bad2d819\" style=\"color:#757a15\"><strong>T\u00fas le Taighde<\/strong><\/h2>\n<\/div>\n\n<div class=\"container blockless\">\n<p><strong>T\u00e1 comhairle ar f\u00e1il ar l\u00e1ithre\u00e1in gr\u00e9as\u00e1in \u00e1irithe maidir le t\u00fas a chur le hobair taighde agus na hacmhainn\u00ed a bheidh de dh\u00edth:<\/strong><\/p>\n<\/div>\n\n<div class=\"container blockless\">\n<ul class=\"wp-block-list has-black-color has-text-color has-link-color wp-elements-d86d4c2198162bcd74a91b2b3b19749a\"><div class=\"container blockless\">\n<li><a href=\"http:\/\/www.nationalarchives.ie\/historical-records\/research-guides-sources\/\"><strong>An Chartlann N\u00e1isi\u00fanta <\/strong><\/a>\u2013 Treoracha taighde agus foins\u00ed.<\/li>\n<\/div>\n\n<div class=\"container blockless\">\n<li><a href=\"https:\/\/www.johngrenham.com\/browse\/retrieve_text.php?text_contentid=512\"><strong>John Grenham<\/strong><\/a>&nbsp;\u2013 Tugtar treoir sh\u00e1rmhaith ar an l\u00e1ithre\u00e1n gr\u00e9as\u00e1in seo maidir le t\u00fas a chur le taighde in \u00c9irinn.<\/li>\n<\/div>\n\n<div class=\"container blockless\">\n<li><a href=\"http:\/\/homepage.eircom.net\/~seanjmurphy\/epubs\/\"><strong>Sean J Murphy E-Publications<\/strong><\/a>&nbsp;\u2013 A Primer in Irish Genealogy.<\/li>\n<\/div>\n\n<div class=\"container blockless\">\n<li><a href=\"http:\/\/www.askaboutireland.ie\/libraries\"><strong>Ask about Ireland Leabharlanna<\/strong><\/a>&nbsp;\u2013 T\u00e1 catal\u00f3ga an chuid is m\u00f3 de na leabharlanna contae ar f\u00e1il ar l\u00edne.<\/li>\n<\/div>\n\n<div class=\"container blockless\">\n<li>Cuireann<a href=\"https:\/\/www.nli.ie\/family-history\/family-history-service\"><strong> an Leabharlann N\u00e1isi\u00fanta<\/strong><\/a>&nbsp;agus&nbsp;<a href=\"http:\/\/www.nationalarchives.ie\/genealogy\/free-genealogy-advisory-service\/\"><strong>an Chartlann N\u00e1isi\u00fanta<\/strong><\/a>&nbsp;\u2013 seirbh\u00eds\u00ed comhairle saor in aisce ar f\u00e1il maidir le c\u00farsa\u00ed ginealais.&nbsp; (Tugtar chun aire gur seirbh\u00eds comhairle at\u00e1 i gceist sa d\u00e1 ch\u00e1s agus n\u00ed seirbh\u00eds taighde).<\/li>\n<\/div><\/ul>\n<\/div>\n\n<div class=\"container blockless\">\n<h2 class=\"wp-block-heading has-text-color has-link-color has-medium-font-size wp-elements-e69b2bd2b781ab34337bc904c8644180\" style=\"color:#757a15\"><strong>Gr\u00fapa\u00ed Pl\u00e9, Bloganna agus Liosta\u00ed Post\u00e1la<\/strong><\/h2>\n<\/div>\n\n<div class=\"container blockless\">\n<ul class=\"wp-block-list has-black-color has-text-color has-link-color wp-elements-642450f2f566ba4294288f029f4df7c7\"><div class=\"container blockless\">\n<li><a href=\"https:\/\/www.johngrenham.com\/blog\/\"><strong>John Grenham \u2013 Irish Roots<\/strong><\/a><\/li>\n<\/div>\n\n<div class=\"container blockless\">\n<li><a href=\"https:\/\/irishheritagenews.ie\/\"><strong>Irish Heritage News<\/strong><\/a><\/li>\n<\/div>\n\n<div class=\"container blockless\">\n<li><a href=\"https:\/\/timeline.ie\/irish-genealogy-blog\/\"><strong>Timeline \u2013 Genealogy in Ireland blog<\/strong><\/a><\/li>\n<\/div><\/ul>\n<\/div>\n\n<div class=\"container blockless\">\n<hr class=\"wp-block-separator has-alpha-channel-opacity\"\/>\n<\/div>\n\n<div class=\"container blockless\">\n<h2 class=\"wp-block-heading has-text-color has-link-color has-medium-font-size wp-elements-62a589dbae4859a997000b2221821087\" style=\"color:#757a15\"><strong>Seo a leanas roinnt foilseach\u00e1n \u00fas\u00e1ideach:<\/strong><\/h2>\n<\/div>\n\n<div class=\"container blockless\">\n<p><strong>Begley, Donal<\/strong>&nbsp;\u2013&nbsp;<em>Irish Genealogy, a record finder<\/em>&nbsp;(An dara cl\u00f3, Baile \u00c1tha Cliath, 1987)<\/p>\n<\/div>\n\n<div class=\"container blockless\">\n<p><strong>Caball, Kay<\/strong>&nbsp;\u2013&nbsp;<em>Finding your ancestors in Kerry<\/em>&nbsp;(Baile \u00c1tha Cliath, 2015)<\/p>\n<\/div>\n\n<div class=\"container blockless\">\n<p><strong>Connell, Gretta<\/strong>&nbsp;\u2013&nbsp;<em>Tracing your Westmeath ancestors<\/em>&nbsp;(Baile \u00c1tha Cliath, 2012)<\/p>\n<\/div>\n\n<div class=\"container blockless\">\n<p><strong>Farrell, Noel<\/strong>&nbsp;\u2013&nbsp;<em>Exploring Family Origins Series<\/em><\/p>\n<\/div>\n\n<div class=\"container blockless\">\n<p><strong>ffeary-Smyrl Steven C. &amp; O\u2019D\u00faill, Eileen<\/strong>&nbsp;\u2013 \u2018Irish Civil Registration \u2013 where do I start?\u2019,&nbsp;<em>Exploring Irish Genealogy<\/em>, Comhairle Eagra\u00edochta\u00ed Ginealais na h\u00c9ireann (Baile \u00c1tha Cliath, 2000)<\/p>\n<\/div>\n\n<div class=\"container blockless\">\n<p><strong>ffeary-Smyrl Steven C<\/strong>. \u2013 \u2018Irish Methodists \u2013 where do I start?\u2019,&nbsp;<em>Exploring Irish Genealogy<\/em>, Comhairle Eagra\u00edochta\u00ed Ginealais na h\u00c9ireann (Baile \u00c1tha Cliath, 2000)<\/p>\n<\/div>\n\n<div class=\"container blockless\">\n<p><strong>ffeary-Smyrl Steven C<\/strong>. \u2013 &nbsp;<em>Dictionary of Dublin Dissent: Dublin\u2019s Protestant dissenting meeting houses, 1660\u20131920<\/em>&nbsp;(Baile \u00c1tha Cliath, 2009)<\/p>\n<\/div>\n\n<div class=\"container blockless\">\n<p><strong>Franklin, Margaret<\/strong>&nbsp;\u2013&nbsp;<em>Tracing your Limerick ancestors<\/em>&nbsp;(Baile \u00c1tha Cliath, 2003)<\/p>\n<\/div>\n\n<div class=\"container blockless\">\n<p><strong>French, Noel E<\/strong>. \u2013&nbsp;<em>Meath Ancestors, a guide to sources for tracing your ancestors<\/em>&nbsp;(Baile \u00c1tha Troim, 1993)<\/p>\n<\/div>\n\n<div class=\"container blockless\">\n<p><strong>Grenham, John<\/strong>&nbsp;\u2013&nbsp;<em>Tracing your Irish ancestors<\/em>, (8\u00fa eagr\u00e1n, Baile \u00c1tha Cliath, 2012)<\/p>\n<\/div>\n\n<div class=\"container blockless\">\n<p><strong>Hamrock, John<\/strong>&nbsp;\u2013&nbsp;<em>Tracing your Roscommon ancestors<\/em>&nbsp;(Baile \u00c1tha Cliath, 2007)<\/p>\n<\/div>\n\n<div class=\"container blockless\">\n<p><strong>Handran,George B<\/strong>. \u2013 &nbsp;<em>Townlands in Poor Law Unions<\/em>; a Reprint of Poor Law Union Pamphlets of the General Registrar\u2019s Office (Salem, Massachusetts: Higginson Book Company, 1997)<\/p>\n<\/div>\n\n<div class=\"container blockless\">\n<p><strong>Kiely, Karel, Corrigan, Mario &amp; Durney James<\/strong>, \u2013&nbsp;<em>Tracing your Kildare ancestors<\/em>&nbsp;(Baile \u00c1tha Cliath, 2014)<\/p>\n<\/div>\n\n<div class=\"container blockless\">\n<p><strong>Betit, Kyle J. &amp; Radford, Dwight A<\/strong>&nbsp;\u2013&nbsp;<em>Ireland: A Genealogical Guide for North Americans<\/em>, (Salt Lake City: Irish At Home and Abroad, 1995)<\/p>\n<\/div>\n\n<div class=\"container blockless\">\n<p><strong>Leahy, David<\/strong>&nbsp;\u2013&nbsp;<em>County Longford and its people<\/em>&nbsp;(Baile \u00c1tha Cliath, 1990)<\/p>\n<\/div>\n\n<div class=\"container blockless\">\n<p><strong>MacAfee, William et al.<\/strong>,&nbsp;\u2013&nbsp;<em>Researching Derry and Londonderry ancestors: a practical guide for family and local historians<\/em>&nbsp;(Ulster Historical Foundation, 2010)<\/p>\n<\/div>\n\n<div class=\"container blockless\">\n<p><strong>MacConghail, M\u00e1ire &amp; Gorry, Paul<\/strong>, \u2013&nbsp;<em>Tracing Irish ancestors, a practical guide to Irish genealogy<\/em>&nbsp;(Collins, 1997)<\/p>\n<\/div>\n\n<div class=\"container blockless\">\n<p><strong>MacLysaght, Edward<\/strong>&nbsp;\u2013&nbsp;<em>Irish Families<\/em>&nbsp;(an 3\u00fa eagr\u00e1n, Baile \u00c1tha Cliath, 1972)<\/p>\n<\/div>\n\n<div class=\"container blockless\">\n<p><strong>MacLysaght, Edward<\/strong>&nbsp;\u2013&nbsp;<em>Supplement to Irish Families<\/em>&nbsp;(Baile \u00c1tha Cliath, 1964)<\/p>\n<\/div>\n\n<div class=\"container blockless\">\n<p><strong>MacLysaght, Edward<\/strong>&nbsp;\u2013&nbsp;<em>The Surnames of Ireland<\/em>&nbsp;(an 7\u00fa eagr\u00e1n, Baile \u00c1tha Cliath, 1978)<\/p>\n<\/div>\n\n<div class=\"container blockless\">\n<p><strong>Maxwell, Ian<\/strong>&nbsp;\u2013&nbsp;<em>How to trace your Irish ancestors: an essential guide to researching and documenting the family histories of Ireland\u2019s people<\/em>&nbsp;(Begbroke, 2008)<\/p>\n<\/div>\n\n<div class=\"container blockless\">\n<p><strong>Maxwell, Ian<\/strong>&nbsp;\u2013&nbsp;<em>Researching Armagh ancestors<\/em>&nbsp;(Ulster Historical Foundation, 2000)<\/p>\n<\/div>\n\n<div class=\"container blockless\">\n<p><strong>Maxwell, Ian<\/strong>&nbsp;\u2013&nbsp;<em>Researching Down ancestors<\/em>&nbsp;(Ulster Historical Foundation, 2004)<\/p>\n<\/div>\n\n<div class=\"container blockless\">\n<p><strong>Maxwell, Ian<\/strong>,&nbsp;\u2013&nbsp;<em>Tracing your Northern Irish ancestors, a guide for family historians<\/em>&nbsp;(Barnsley, 2010)<\/p>\n<\/div>\n\n<div class=\"container blockless\">\n<p><strong>Maxwell, Ian<\/strong>&nbsp;\u2013&nbsp;<em>Your Irish ancestors, a guide for family historians<\/em>, (Barnsley, 2008)<\/p>\n<\/div>\n\n<div class=\"container blockless\">\n<p><strong>McCarthy, Tony &amp; Cadogan, Tim<\/strong>,&nbsp;\u2013&nbsp;<em>Tracing your Cork ancestors<\/em>&nbsp;(an dara heagr\u00e1n, Baile \u00c1tha Cliath, 2011)<\/p>\n<\/div>\n\n<div class=\"container blockless\">\n<p><strong>McCarthy, Tony<\/strong>&nbsp;\u2013&nbsp;<em>Irish Roots Guide<\/em>, (Baile \u00c1tha Cliath, \u00c9ire: The Lilliput Press, 1995).<\/p>\n<\/div>\n\n<div class=\"container blockless\">\n<p><strong>Meehan, Helen &amp; Duffy, Godfrey F<\/strong>. \u2013&nbsp;<em>Tracing your Donegal ancestors<\/em>&nbsp;(an dara heagr\u00e1n, Baile \u00c1tha Cliath, 2008)<\/p>\n<\/div>\n\n<div class=\"container blockless\">\n<p><strong>Mitchell, Brian<\/strong>&nbsp;\u2013&nbsp;<em>A New Genealogical Atlas of Ireland<\/em>, (Baltimore: Genealogical Publishing Co., an 3\u00fa cl\u00f3, 1992)<\/p>\n<\/div>\n\n<div class=\"container blockless\">\n<p><strong>O\u2019Dowd, Peadar<\/strong>&nbsp;\u2013&nbsp;<em>Tracing your Galway ancestors<\/em>&nbsp;(Baile \u00c1tha Cliath, 2010)<\/p>\n<\/div>\n\n<div class=\"container blockless\">\n<p><strong>O\u2019Neill, Robert K<\/strong>. \u2013&nbsp;<em>Irish libraries, archives, museums and genealogical centres: a visitors\u2019 guide<\/em>&nbsp;(Ulster Historical Foundation, 2007)<\/p>\n<\/div>\n\n<div class=\"container blockless\">\n<p><strong>Oifig Taifead Poibl\u00ed Thuaisceart \u00c9ireann<\/strong>&nbsp;\u2013&nbsp;<em>An Irish genealogical source: guide to church records<\/em>&nbsp;(B\u00e9al Feirste, 1994)<\/p>\n<\/div>\n\n<div class=\"container blockless\">\n<p><strong>Ouimette, David. S<\/strong>&nbsp;\u2013&nbsp;<em>Finding Your Irish Ancestors: A Beginner\u2019s Guide<\/em>, (Ancestry.com, 2005)<\/p>\n<\/div>\n\n<div class=\"container blockless\">\n<p><strong>Reid, Noel<\/strong>&nbsp;\u2013&nbsp;<em>A table of Church of Ireland parochial records and copies<\/em>&nbsp;(An N\u00e1s, 1994)<\/p>\n<\/div>\n\n<div class=\"container blockless\">\n<p><strong>Roulston, William<\/strong>&nbsp;\u2013&nbsp;<em>My roots: tracing your Belfast ancestors<\/em>&nbsp;(Ulster Historical Foundation, 2012)<\/p>\n<\/div>\n\n<div class=\"container blockless\">\n<p><strong>Roulston, William<\/strong>&nbsp;\u2013&nbsp;<em>Researching Scots<\/em><em>\u2010<\/em><em>Irish ancestors: the essential genealogical guide to early modern Ulster, 1600\u20131800<\/em>&nbsp;(Ulster Historical Foundation, 2005)<\/p>\n<\/div>\n\n<div class=\"container blockless\">\n<p><strong>Ryan, James G<\/strong>&nbsp;\u2013&nbsp;<em>Irish church records<\/em>&nbsp;(an 6\u00fa eagr\u00e1n, Baile \u00c1tha Cliath, 2001)<\/p>\n<\/div>\n\n<div class=\"container blockless\">\n<p><strong>Ryan, James G<\/strong>. &amp; Smith, Brian&nbsp;\u2013&nbsp;<em>Tracing your Dublin ancestors<\/em>&nbsp;(an 3\u00fa eagr\u00e1n, Baile \u00c1tha Cliath, 2009)<\/p>\n<\/div>\n\n<div class=\"container blockless\">\n<p><strong>Ryan, James G<\/strong>.-&nbsp;<em>Irish records: sources for family and local history<\/em>&nbsp;(eagr\u00e1n leasaithe, Salt Lake City, 1997)<\/p>\n<\/div>\n\n<div class=\"container blockless\">\n<p><strong>Ryan, Jim<\/strong>&nbsp;\u2013&nbsp;<em>Tracing your Sligo ancestors<\/em>&nbsp;(Baile \u00c1tha Cliath, 2012)<\/p>\n<\/div>\n\n<div class=\"container blockless\">\n<p><strong>Smith, Brian &amp; Kennedy, Gerry<\/strong>&nbsp;\u2013&nbsp;<em>Tracing your Clare ancestors<\/em>&nbsp;(Baile \u00c1tha Cliath, 2012)<\/p>\n<\/div>\n\n<div class=\"container blockless\">\n<p><strong>Smith, Brian<\/strong>&nbsp;\u2013&nbsp;<em>Tracing your Mayo ancestors<\/em>&nbsp;(an 6\u00fa eagr\u00e1n, Baile \u00c1tha Cliath, 2010)<\/p>\n<\/div>\n\n<div class=\"container blockless\">\n<p><strong>Comhairle Chontae Phort L\u00e1irge<\/strong>&nbsp;\u2013&nbsp;<em>Sources for family history in Waterford County<\/em>&nbsp;(2005)<\/p>\n<\/div>\n\n<div class=\"container blockless\">\n<p><\/p>\n<\/div>","protected":false},"excerpt":{"rendered":"<p>Taighde a Choimisi\u00fan\u00fa T\u00fas le Taighde T\u00e1 comhairle ar f\u00e1il ar l\u00e1ithre\u00e1in gr\u00e9as\u00e1in \u00e1irithe maidir le t\u00fas a chur le hobair taighde agus na hacmhainn\u00ed a bheidh de dh\u00edth: Gr\u00fapa\u00ed Pl\u00e9, Bloganna agus Liosta\u00ed Post\u00e1la Seo a leanas roinnt foilseach\u00e1n \u00fas\u00e1ideach: Begley, Donal&nbsp;\u2013&nbsp;Irish Genealogy, a record finder&nbsp;(An dara cl\u00f3, Baile \u00c1tha Cliath, 1987) Caball, Kay&nbsp;\u2013&nbsp;Finding<\/p>\n","protected":false},"author":2,"featured_media":0,"parent":187,"menu_order":0,"comment_status":"closed","ping_status":"closed","template":"","meta":{"_acf_changed":false,"footnotes":""},"class_list":["post-177","page","type-page","status-publish","hentry"],"acf":[],"yoast_head":"<!-- This site is optimized with the Yoast SEO plugin v27.2 - https:\/\/yoast.com\/product\/yoast-seo-wordpress\/ -->\n<title>C\u00fanamh le Taighde agus Foilseach\u00e1in - Irish Genealogy<\/title>\n<meta name=\"robots\" content=\"index, follow, max-snippet:-1, max-image-preview:large, max-video-preview:-1\" \/>\n<link rel=\"canonical\" href=\"https:\/\/www.irishgenealogy.ie\/ga\/genealogical-research\/get-help\/\" \/>\n<meta property=\"og:locale\" content=\"ga_IE\" \/>\n<meta property=\"og:type\" content=\"article\" \/>\n<meta property=\"og:title\" content=\"C\u00fanamh le Taighde agus Foilseach\u00e1in - Irish Genealogy\" \/>\n<meta property=\"og:description\" content=\"Taighde a Choimisi\u00fan\u00fa T\u00fas le Taighde T\u00e1 comhairle ar f\u00e1il ar l\u00e1ithre\u00e1in gr\u00e9as\u00e1in \u00e1irithe maidir le t\u00fas a chur le hobair taighde agus na hacmhainn\u00ed a bheidh de dh\u00edth: Gr\u00fapa\u00ed Pl\u00e9, Bloganna agus Liosta\u00ed Post\u00e1la Seo a leanas roinnt foilseach\u00e1n \u00fas\u00e1ideach: Begley, Donal&nbsp;\u2013&nbsp;Irish Genealogy, a record finder&nbsp;(An dara cl\u00f3, Baile \u00c1tha Cliath, 1987) Caball, Kay&nbsp;\u2013&nbsp;Finding\" \/>\n<meta property=\"og:url\" content=\"https:\/\/www.irishgenealogy.ie\/ga\/genealogical-research\/get-help\/\" \/>\n<meta property=\"og:site_name\" content=\"Irish Genealogy\" \/>\n<meta property=\"article:modified_time\" content=\"2025-03-06T11:07:56+00:00\" \/>\n<meta name=\"twitter:card\" content=\"summary_large_image\" \/>\n<meta name=\"twitter:label1\" content=\"Est. reading time\" \/>\n\t<meta name=\"twitter:data1\" content=\"4 minutes\" \/>\n<script type=\"application\/ld+json\" class=\"yoast-schema-graph\">{\"@context\":\"https:\/\/schema.org\",\"@graph\":[{\"@type\":\"WebPage\",\"@id\":\"https:\/\/www.irishgenealogy.ie\/ga\/genealogical-research\/get-help\/\",\"url\":\"https:\/\/www.irishgenealogy.ie\/ga\/genealogical-research\/get-help\/\",\"name\":\"C\u00fanamh le Taighde agus Foilseach\u00e1in - Irish Genealogy\",\"isPartOf\":{\"@id\":\"https:\/\/www.irishgenealogy.ie\/#website\"},\"datePublished\":\"2021-11-08T15:46:40+00:00\",\"dateModified\":\"2025-03-06T11:07:56+00:00\",\"breadcrumb\":{\"@id\":\"https:\/\/www.irishgenealogy.ie\/ga\/genealogical-research\/get-help\/#breadcrumb\"},\"inLanguage\":\"ga-IE\",\"potentialAction\":[{\"@type\":\"ReadAction\",\"target\":[\"https:\/\/www.irishgenealogy.ie\/ga\/genealogical-research\/get-help\/\"]}]},{\"@type\":\"BreadcrumbList\",\"@id\":\"https:\/\/www.irishgenealogy.ie\/ga\/genealogical-research\/get-help\/#breadcrumb\",\"itemListElement\":[{\"@type\":\"ListItem\",\"position\":1,\"name\":\"Home\",\"item\":\"https:\/\/www.irishgenealogy.ie\/ga\/\"},{\"@type\":\"ListItem\",\"position\":2,\"name\":\"Conas tabhairt faoi Thaighde Teaghlaigh?\",\"item\":\"https:\/\/www.irishgenealogy.ie\/ga\/genealogical-research\/\"},{\"@type\":\"ListItem\",\"position\":3,\"name\":\"C\u00fanamh le Taighde agus Foilseach\u00e1in\"}]},{\"@type\":\"WebSite\",\"@id\":\"https:\/\/www.irishgenealogy.ie\/#website\",\"url\":\"https:\/\/www.irishgenealogy.ie\/\",\"name\":\"Irish Genealogy\",\"description\":\"Explore Your Family History - Search Records\",\"potentialAction\":[{\"@type\":\"SearchAction\",\"target\":{\"@type\":\"EntryPoint\",\"urlTemplate\":\"https:\/\/www.irishgenealogy.ie\/?s={search_term_string}\"},\"query-input\":{\"@type\":\"PropertyValueSpecification\",\"valueRequired\":true,\"valueName\":\"search_term_string\"}}],\"inLanguage\":\"ga-IE\"}]}<\/script>\n<!-- \/ Yoast SEO plugin. -->","yoast_head_json":{"title":"C\u00fanamh le Taighde agus Foilseach\u00e1in - Irish Genealogy","robots":{"index":"index","follow":"follow","max-snippet":"max-snippet:-1","max-image-preview":"max-image-preview:large","max-video-preview":"max-video-preview:-1"},"canonical":"https:\/\/www.irishgenealogy.ie\/ga\/genealogical-research\/get-help\/","og_locale":"ga_IE","og_type":"article","og_title":"C\u00fanamh le Taighde agus Foilseach\u00e1in - Irish Genealogy","og_description":"Taighde a Choimisi\u00fan\u00fa T\u00fas le Taighde T\u00e1 comhairle ar f\u00e1il ar l\u00e1ithre\u00e1in gr\u00e9as\u00e1in \u00e1irithe maidir le t\u00fas a chur le hobair taighde agus na hacmhainn\u00ed a bheidh de dh\u00edth: Gr\u00fapa\u00ed Pl\u00e9, Bloganna agus Liosta\u00ed Post\u00e1la Seo a leanas roinnt foilseach\u00e1n \u00fas\u00e1ideach: Begley, Donal&nbsp;\u2013&nbsp;Irish Genealogy, a record finder&nbsp;(An dara cl\u00f3, Baile \u00c1tha Cliath, 1987) Caball, Kay&nbsp;\u2013&nbsp;Finding","og_url":"https:\/\/www.irishgenealogy.ie\/ga\/genealogical-research\/get-help\/","og_site_name":"Irish Genealogy","article_modified_time":"2025-03-06T11:07:56+00:00","twitter_card":"summary_large_image","twitter_misc":{"Est. reading time":"4 minutes"},"schema":{"@context":"https:\/\/schema.org","@graph":[{"@type":"WebPage","@id":"https:\/\/www.irishgenealogy.ie\/ga\/genealogical-research\/get-help\/","url":"https:\/\/www.irishgenealogy.ie\/ga\/genealogical-research\/get-help\/","name":"C\u00fanamh le Taighde agus Foilseach\u00e1in - Irish Genealogy","isPartOf":{"@id":"https:\/\/www.irishgenealogy.ie\/#website"},"datePublished":"2021-11-08T15:46:40+00:00","dateModified":"2025-03-06T11:07:56+00:00","breadcrumb":{"@id":"https:\/\/www.irishgenealogy.ie\/ga\/genealogical-research\/get-help\/#breadcrumb"},"inLanguage":"ga-IE","potentialAction":[{"@type":"ReadAction","target":["https:\/\/www.irishgenealogy.ie\/ga\/genealogical-research\/get-help\/"]}]},{"@type":"BreadcrumbList","@id":"https:\/\/www.irishgenealogy.ie\/ga\/genealogical-research\/get-help\/#breadcrumb","itemListElement":[{"@type":"ListItem","position":1,"name":"Home","item":"https:\/\/www.irishgenealogy.ie\/ga\/"},{"@type":"ListItem","position":2,"name":"Conas tabhairt faoi Thaighde Teaghlaigh?","item":"https:\/\/www.irishgenealogy.ie\/ga\/genealogical-research\/"},{"@type":"ListItem","position":3,"name":"C\u00fanamh le Taighde agus Foilseach\u00e1in"}]},{"@type":"WebSite","@id":"https:\/\/www.irishgenealogy.ie\/#website","url":"https:\/\/www.irishgenealogy.ie\/","name":"Irish Genealogy","description":"Explore Your Family History - Search Records","potentialAction":[{"@type":"SearchAction","target":{"@type":"EntryPoint","urlTemplate":"https:\/\/www.irishgenealogy.ie\/?s={search_term_string}"},"query-input":{"@type":"PropertyValueSpecification","valueRequired":true,"valueName":"search_term_string"}}],"inLanguage":"ga-IE"}]}},"_links":{"self":[{"href":"https:\/\/www.irishgenealogy.ie\/ga\/wp-json\/wp\/v2\/pages\/177","targetHints":{"allow":["GET"]}}],"collection":[{"href":"https:\/\/www.irishgenealogy.ie\/ga\/wp-json\/wp\/v2\/pages"}],"about":[{"href":"https:\/\/www.irishgenealogy.ie\/ga\/wp-json\/wp\/v2\/types\/page"}],"author":[{"embeddable":true,"href":"https:\/\/www.irishgenealogy.ie\/ga\/wp-json\/wp\/v2\/users\/2"}],"replies":[{"embeddable":true,"href":"https:\/\/www.irishgenealogy.ie\/ga\/wp-json\/wp\/v2\/comments?post=177"}],"version-history":[{"count":6,"href":"https:\/\/www.irishgenealogy.ie\/ga\/wp-json\/wp\/v2\/pages\/177\/revisions"}],"predecessor-version":[{"id":1933,"href":"https:\/\/www.irishgenealogy.ie\/ga\/wp-json\/wp\/v2\/pages\/177\/revisions\/1933"}],"up":[{"embeddable":true,"href":"https:\/\/www.irishgenealogy.ie\/ga\/wp-json\/wp\/v2\/pages\/187"}],"wp:attachment":[{"href":"https:\/\/www.irishgenealogy.ie\/ga\/wp-json\/wp\/v2\/media?parent=177"}],"curies":[{"name":"wp","href":"https:\/\/api.w.org\/{rel}","templated":true}]}}