{"id":179,"date":"2021-11-08T15:45:48","date_gmt":"2021-11-08T15:45:48","guid":{"rendered":"https:\/\/irishgenealogy.fusio.dev\/how-to-start-your-family-history\/"},"modified":"2024-12-18T12:10:49","modified_gmt":"2024-12-18T12:10:49","slug":"how-to-start-your-family-history","status":"publish","type":"page","link":"https:\/\/www.irishgenealogy.ie\/ga\/genealogical-research\/how-to-start-your-family-history\/","title":{"rendered":"Conas tabhairt faoi Thaighde Teaghlaigh?"},"content":{"rendered":"<div class=\"container blockless\">\n<h2 class=\"wp-block-heading has-text-color has-link-color has-medium-font-size wp-elements-52b402b23f25072e1232159c89724cae\" style=\"color:#757a15\"><strong>Sula gCuarda\u00edtear Taifid:<\/strong><\/h2>\n<\/div>\n\n<div class=\"container blockless\">\n<p>Labhair le do chuid gaolta. D&#8217;fh\u00e9adfadh eolas a bheith cheana f\u00e9in ag duine muinteartha leat a mbeadh cuid mhaith ama i gceist lena aimsi\u00fa i mbunachair sonra\u00ed&nbsp;ginealais. Beidh cruinni\u00fa an eolais sin ina th\u00fas maith ag duine sula dtosa\u00edtear ag pl\u00e9 le taifid. Tosa\u00edtear leis an m\u00e9id at\u00e1 ar eolas agus baintear leas as sin chun n\u00edos m\u00f3 a fh\u00e1il amach.&nbsp;&nbsp; Glac le gach m\u00edr faisn\u00e9ise mar \u00e1bhar fianaise agus \u00fas\u00e1idtear sin le breis eolais a aimsi\u00fa a bheidh ina bhonn fianaise le haghaidh tuilleadh fiosraithe ar\u00eds eile.<\/p>\n<\/div>\n\n<div class=\"container blockless\">\n<h2 class=\"wp-block-heading has-text-color has-link-color has-medium-font-size wp-elements-73eba8ea01477faf4a6e453828636dad\" style=\"color:#757a15\"><strong>Sloinneadh agus Forimeacha Sloinnte:<\/strong><\/h2>\n<\/div>\n\n<div class=\"container blockless\">\n<p>C\u00e9 go mb\u00edtear mionsaini\u00fail sa l\u00e1 at\u00e1 inniu ann faoi fhoirm sloinne, ba choitianta an rud \u00e9ags\u00falacht mh\u00f3r a bheith sa litri\u00fa ar shloinnte ar thaifid roimh an 20\u00fa aois. Tharla\u00edodh m\u00edlitri\u00fa agus leaganacha \u00e9ags\u00fala B\u00e9arla ar shloinnte tr\u00e1th nach mb\u00edodh litearthacht chomh coitianta c\u00e9anna agus tr\u00e1th arbh \u00ed an Ghaeilge an teanga d\u00fachais ag n\u00edos m\u00f3 de dhaonra na h\u00c9ireann.<\/p>\n<\/div>\n\n<div class=\"container blockless\">\n<p><\/p>\n<\/div>\n\n<div class=\"container blockless\">\n<h2 class=\"wp-block-heading has-text-color has-link-color has-medium-font-size wp-elements-463de1c39b6af5ee28f22f18e4c43228\" style=\"color:#757a15\"><strong>D\u00e1ta\u00ed:<\/strong><\/h2>\n<\/div>\n\n<div class=\"container blockless\">\n<p>Is minic m\u00edchruinneas i gceist leis an tuairisc ar aois duine. Go dt\u00ed an 20\u00fa aois, n\u00edorbh neamhchoitianta \u00e9iginnteacht faoi aois dhaoine.<\/p>\n<\/div>\n\n<div class=\"container blockless\">\n<p><\/p>\n<\/div>\n\n<div class=\"container blockless\">\n<h2 class=\"wp-block-heading has-text-color has-link-color has-medium-font-size wp-elements-beafd64774d2744f6fabccca08629efb\" style=\"color:#757a15\"><strong>Breac Taifead ar gach Rud:<\/strong><\/h2>\n<\/div>\n\n<div class=\"container blockless\">\n<p>Nuair a bh\u00edtear i mbun taighde, is furasta a tharl\u00f3dh eolas \u00e1 charnadh go tr\u00e9an, go h\u00e1irithe i bhf\u00edorth\u00fas na hoibre. Is t\u00e1bhachtach an rud smaoineamh \u00f3n t\u00fas ar an modh ina gcoinneofar tuairisc ar an bhfaisn\u00e9is a chruinn\u00edtear agus \u00ed&nbsp;a st\u00f3r\u00e1il. T\u00e1 roinnt pac\u00e1ist\u00ed bogearra n\u00f3 l\u00e1ithre\u00e1in gr\u00e9as\u00e1in ar f\u00e1il nach bhfuil r\u00f3chostasach a chuid\u00edonn le faisn\u00e9is a choinne\u00e1il in ord agus in eagar.<\/p>\n<\/div>\n\n<div class=\"container blockless\">\n<p><\/p>\n<\/div>\n\n<div class=\"container blockless\">\n<h2 class=\"wp-block-heading has-text-color has-link-color has-medium-font-size wp-elements-15930e0c684a945b0df66c5692617996\" style=\"color:#757a15\"><strong>T\u00fas Maith:<\/strong><\/h2>\n<\/div>\n\n<div class=\"container blockless\">\n<p><strong>Is coitianta taifid a chuardach san ord seo a leanas:<\/strong><\/p>\n<\/div>\n\n<div class=\"container blockless\">\n<ul class=\"wp-block-list has-black-color has-text-color has-link-color wp-elements-9531d172237bc7a2fca750a734116138\"><div class=\"container blockless\">\n<li><a href=\"https:\/\/civilrecords.irishgenealogy.ie\/churchrecords\/civil-search.jsp\"><strong>Taifid Oifig an Ard-Chl\u00e1raitheora<\/strong><\/a>&nbsp;\u2013 Is f\u00e9idir deimhni\u00fa a fh\u00e1il sna taifid st\u00e1it maidir le breitheanna, b\u00e1sanna agus p\u00f3sta\u00ed ar fhaisn\u00e9is at\u00e1&nbsp;ar eolas faoi stair na muintire.D\u00e9antar na teastais a bhreithni\u00fa agus c\u00edortar an fhaisn\u00e9is ar fad \u2013 b\u00edonn an-leas as taifid p\u00f3sta.<\/li>\n<\/div>\n\n<div class=\"container blockless\">\n<li><a href=\"https:\/\/www.census.nationalarchives.ie\/search\/\"><strong>Tuairisc\u00ed Daon\u00e1irimh na mblianta 1901 agus 1911<\/strong><\/a>&nbsp;\u2013 Is stuama an beart tos\u00fa le Daon\u00e1ireamh 1901 agus 1911.N\u00edl aon t\u00e1ille i gceist, t\u00e1 s\u00e9 leagtha amach ar bhealach n\u00e1d\u00fartha agus t\u00e1 \u00edomh\u00e1nna ar f\u00e1il de na foirmeacha daon\u00e1irimh ar fad.Tugtar tuairisc iontu seo ar a raibh sa teach o\u00edche an daon\u00e1irimh, maille le haois, sl\u00ed bheatha agus contae d\u00fachais na ndaoine sin, agus, i gc\u00e1s dhaon\u00e1ireamh na bliana 1911, an m\u00e9id blianta a bh\u00ed daoine p\u00f3sta.<\/li>\n<\/div>\n\n<div class=\"container blockless\">\n<li><a href=\"https:\/\/civilrecords.irishgenealogy.ie\/churchrecords\/civil-search.jsp\"><strong>Taifid Oifig an Ard-Chl\u00e1raitheora<\/strong><\/a><strong><u> <\/u><\/strong>ar\u00eds.\u2013 Leis an bhfaisn\u00e9is \u00f3 thuairisce\u00e1in daon\u00e1irimh, is f\u00e9idir cuardach a dh\u00e9anamh ar fud thaifid Oifig an Ard-Chl\u00e1raitheora ar\u00eds maidir le gl\u00fanta n\u00edos luaithe.<\/li>\n<\/div>\n\n<div class=\"container blockless\">\n<li><a href=\"http:\/\/www.titheapplotmentbooks.nationalarchives.ie\/\"><strong>Taifid r\u00e9admhaoine<\/strong><\/a>&nbsp;\u2013 Beidh faisn\u00e9is \u00f3 thaifid Oifig an Ard-Chl\u00e1raitheora ina h\u00e1is maidir le hiontr\u00e1lacha a bhainfeadh le h\u00e1bhar a aimsi\u00fa go cruinn. Ask about Ireland: Is \u00ed Luach\u00e1il Griffith (1847-64) an t-aon fhoinse chuimsitheach \u00f3 l\u00e1r na nao\u00fa aoise d\u00e9ag a thiocfadh in ionad foinse daon\u00e1irimh i gc\u00e1sanna faoi leith. Maidir le t\u00fas na nao\u00fa haoise d\u00e9ag, is \u00ed Suirbh\u00e9ireacht Cheaproinnt na nDeach\u00fana (c. 1823-1838) an t-aon fhoinse a mbainfeadh cuimsitheacht \u00e1irithe l\u00e9i. T\u00e1 taifid Cheaproinnt na nDeach\u00fana maidir le 26 contae Phoblacht na h\u00c9ireann ar l\u00edne ag an gCartlann N\u00e1isi\u00fanta. T\u00e1 na taifid maidir le s\u00e9 chontae Thuaisceart \u00c9ireann i dtaisce in Oifig Taifead Poibl\u00ed Thuaisceart \u00c9ireann i mB\u00e9al Feirste.<\/li>\n<\/div>\n\n<div class=\"container blockless\">\n<li><a href=\"https:\/\/churchrecords.irishgenealogy.ie\/churchrecords\/\"><strong>Taifid Par\u00f3iste<\/strong><\/a>&nbsp;\u2013 Is beag foinse eile seachas taifid na bpar\u00f3ist\u00ed at\u00e1 ar f\u00e1il maidir le faisn\u00e9is ar theaghlaigh sular cuireadh cl\u00e1r\u00fa sibhialta ar bun&nbsp; sa bhliain 1864.T\u00e1 taifid na hEaglaise Caitlic\u00ed maidir le Baile \u00c1tha Cliath, Ciarra\u00ed, Corcaigh &amp; Ros agus Ceatharlach ar f\u00e1il ag Irish Genealogy. T\u00e1 c\u00f3ipeanna ar mhicreascann\u00e1n ar f\u00e1il sa Leabharlann N\u00e1isi\u00fanta den chuid is m\u00f3 de chl\u00e1ir na bpar\u00f3ist\u00ed Caitliceacha anall go dt\u00ed&nbsp;c. 1880.T\u00e1 taifid Eaglais na h\u00c9ireann maidir le par\u00f3ist\u00ed i mBaile \u00c1tha Cliath, i gCiarra\u00ed agus i gCeatharlach ar f\u00e1il \u00f3 Irish Genealogy.&nbsp; T\u00e1 digiti\u00fa d\u00e9anta ar chl\u00e1ir roinnt par\u00f3ist\u00ed ag Leabharlann Chomhlacht Ionada\u00edoch na hEaglaise, ina bhfuil cuid mh\u00f3r de thaifid Eaglais na h\u00c9ireann i dtaisce, agus t\u00e1 siad sin le feice\u00e1il ar Anglican Records Project.&nbsp; Is maith an fhoinse RootsIreland&nbsp;freisin maidir le taifid eaglasta.<\/li>\n<\/div>\n\n<div class=\"container blockless\">\n<li>R\u00e9ims\u00ed eile \u2013 t\u00e1 r\u00e9imse leathan foins\u00ed eile ar f\u00e1il a bhf\u00e9adfadh fi\u00fantas a bheith leo \u2013 eolair\u00ed, taifid saothair, liosta\u00ed tion\u00f3nta\u00ed, leaca cuimhneach\u00e1in etc.<\/li>\n<\/div><\/ul>\n<\/div>","protected":false},"excerpt":{"rendered":"<p>Sula gCuarda\u00edtear Taifid: Labhair le do chuid gaolta. D&#8217;fh\u00e9adfadh eolas a bheith cheana f\u00e9in ag duine muinteartha leat a mbeadh cuid mhaith ama i gceist lena aimsi\u00fa i mbunachair sonra\u00ed&nbsp;ginealais. Beidh cruinni\u00fa an eolais sin ina th\u00fas maith ag duine sula dtosa\u00edtear ag pl\u00e9 le taifid. Tosa\u00edtear leis an m\u00e9id at\u00e1 ar eolas agus baintear<\/p>\n","protected":false},"author":2,"featured_media":0,"parent":187,"menu_order":0,"comment_status":"closed","ping_status":"closed","template":"","meta":{"_acf_changed":false,"footnotes":""},"class_list":["post-179","page","type-page","status-publish","hentry"],"acf":[],"yoast_head":"<!-- This site is optimized with the Yoast SEO plugin v27.2 - https:\/\/yoast.com\/product\/yoast-seo-wordpress\/ -->\n<title>Conas tabhairt faoi Thaighde Teaghlaigh? - Irish Genealogy<\/title>\n<meta name=\"robots\" content=\"index, follow, max-snippet:-1, max-image-preview:large, max-video-preview:-1\" \/>\n<link rel=\"canonical\" href=\"https:\/\/www.irishgenealogy.ie\/ga\/genealogical-research\/how-to-start-your-family-history\/\" \/>\n<meta property=\"og:locale\" content=\"ga_IE\" \/>\n<meta property=\"og:type\" content=\"article\" \/>\n<meta property=\"og:title\" content=\"Conas tabhairt faoi Thaighde Teaghlaigh? - Irish Genealogy\" \/>\n<meta property=\"og:description\" content=\"Sula gCuarda\u00edtear Taifid: Labhair le do chuid gaolta. D&#8217;fh\u00e9adfadh eolas a bheith cheana f\u00e9in ag duine muinteartha leat a mbeadh cuid mhaith ama i gceist lena aimsi\u00fa i mbunachair sonra\u00ed&nbsp;ginealais. Beidh cruinni\u00fa an eolais sin ina th\u00fas maith ag duine sula dtosa\u00edtear ag pl\u00e9 le taifid. Tosa\u00edtear leis an m\u00e9id at\u00e1 ar eolas agus baintear\" \/>\n<meta property=\"og:url\" content=\"https:\/\/www.irishgenealogy.ie\/ga\/genealogical-research\/how-to-start-your-family-history\/\" \/>\n<meta property=\"og:site_name\" content=\"Irish Genealogy\" \/>\n<meta property=\"article:modified_time\" content=\"2024-12-18T12:10:49+00:00\" \/>\n<meta name=\"twitter:card\" content=\"summary_large_image\" \/>\n<meta name=\"twitter:label1\" content=\"Est. reading time\" \/>\n\t<meta name=\"twitter:data1\" content=\"3 minutes\" \/>\n<script type=\"application\/ld+json\" class=\"yoast-schema-graph\">{\"@context\":\"https:\/\/schema.org\",\"@graph\":[{\"@type\":\"WebPage\",\"@id\":\"https:\/\/www.irishgenealogy.ie\/ga\/genealogical-research\/how-to-start-your-family-history\/\",\"url\":\"https:\/\/www.irishgenealogy.ie\/ga\/genealogical-research\/how-to-start-your-family-history\/\",\"name\":\"Conas tabhairt faoi Thaighde Teaghlaigh? - Irish Genealogy\",\"isPartOf\":{\"@id\":\"https:\/\/www.irishgenealogy.ie\/#website\"},\"datePublished\":\"2021-11-08T15:45:48+00:00\",\"dateModified\":\"2024-12-18T12:10:49+00:00\",\"breadcrumb\":{\"@id\":\"https:\/\/www.irishgenealogy.ie\/ga\/genealogical-research\/how-to-start-your-family-history\/#breadcrumb\"},\"inLanguage\":\"ga-IE\",\"potentialAction\":[{\"@type\":\"ReadAction\",\"target\":[\"https:\/\/www.irishgenealogy.ie\/ga\/genealogical-research\/how-to-start-your-family-history\/\"]}]},{\"@type\":\"BreadcrumbList\",\"@id\":\"https:\/\/www.irishgenealogy.ie\/ga\/genealogical-research\/how-to-start-your-family-history\/#breadcrumb\",\"itemListElement\":[{\"@type\":\"ListItem\",\"position\":1,\"name\":\"Home\",\"item\":\"https:\/\/www.irishgenealogy.ie\/ga\/\"},{\"@type\":\"ListItem\",\"position\":2,\"name\":\"Conas tabhairt faoi Thaighde Teaghlaigh?\",\"item\":\"https:\/\/www.irishgenealogy.ie\/ga\/genealogical-research\/\"},{\"@type\":\"ListItem\",\"position\":3,\"name\":\"Conas tabhairt faoi Thaighde Teaghlaigh?\"}]},{\"@type\":\"WebSite\",\"@id\":\"https:\/\/www.irishgenealogy.ie\/#website\",\"url\":\"https:\/\/www.irishgenealogy.ie\/\",\"name\":\"Irish Genealogy\",\"description\":\"Explore Your Family History - Search Records\",\"potentialAction\":[{\"@type\":\"SearchAction\",\"target\":{\"@type\":\"EntryPoint\",\"urlTemplate\":\"https:\/\/www.irishgenealogy.ie\/?s={search_term_string}\"},\"query-input\":{\"@type\":\"PropertyValueSpecification\",\"valueRequired\":true,\"valueName\":\"search_term_string\"}}],\"inLanguage\":\"ga-IE\"}]}<\/script>\n<!-- \/ Yoast SEO plugin. -->","yoast_head_json":{"title":"Conas tabhairt faoi Thaighde Teaghlaigh? - Irish Genealogy","robots":{"index":"index","follow":"follow","max-snippet":"max-snippet:-1","max-image-preview":"max-image-preview:large","max-video-preview":"max-video-preview:-1"},"canonical":"https:\/\/www.irishgenealogy.ie\/ga\/genealogical-research\/how-to-start-your-family-history\/","og_locale":"ga_IE","og_type":"article","og_title":"Conas tabhairt faoi Thaighde Teaghlaigh? - Irish Genealogy","og_description":"Sula gCuarda\u00edtear Taifid: Labhair le do chuid gaolta. D&#8217;fh\u00e9adfadh eolas a bheith cheana f\u00e9in ag duine muinteartha leat a mbeadh cuid mhaith ama i gceist lena aimsi\u00fa i mbunachair sonra\u00ed&nbsp;ginealais. Beidh cruinni\u00fa an eolais sin ina th\u00fas maith ag duine sula dtosa\u00edtear ag pl\u00e9 le taifid. Tosa\u00edtear leis an m\u00e9id at\u00e1 ar eolas agus baintear","og_url":"https:\/\/www.irishgenealogy.ie\/ga\/genealogical-research\/how-to-start-your-family-history\/","og_site_name":"Irish Genealogy","article_modified_time":"2024-12-18T12:10:49+00:00","twitter_card":"summary_large_image","twitter_misc":{"Est. reading time":"3 minutes"},"schema":{"@context":"https:\/\/schema.org","@graph":[{"@type":"WebPage","@id":"https:\/\/www.irishgenealogy.ie\/ga\/genealogical-research\/how-to-start-your-family-history\/","url":"https:\/\/www.irishgenealogy.ie\/ga\/genealogical-research\/how-to-start-your-family-history\/","name":"Conas tabhairt faoi Thaighde Teaghlaigh? - Irish Genealogy","isPartOf":{"@id":"https:\/\/www.irishgenealogy.ie\/#website"},"datePublished":"2021-11-08T15:45:48+00:00","dateModified":"2024-12-18T12:10:49+00:00","breadcrumb":{"@id":"https:\/\/www.irishgenealogy.ie\/ga\/genealogical-research\/how-to-start-your-family-history\/#breadcrumb"},"inLanguage":"ga-IE","potentialAction":[{"@type":"ReadAction","target":["https:\/\/www.irishgenealogy.ie\/ga\/genealogical-research\/how-to-start-your-family-history\/"]}]},{"@type":"BreadcrumbList","@id":"https:\/\/www.irishgenealogy.ie\/ga\/genealogical-research\/how-to-start-your-family-history\/#breadcrumb","itemListElement":[{"@type":"ListItem","position":1,"name":"Home","item":"https:\/\/www.irishgenealogy.ie\/ga\/"},{"@type":"ListItem","position":2,"name":"Conas tabhairt faoi Thaighde Teaghlaigh?","item":"https:\/\/www.irishgenealogy.ie\/ga\/genealogical-research\/"},{"@type":"ListItem","position":3,"name":"Conas tabhairt faoi Thaighde Teaghlaigh?"}]},{"@type":"WebSite","@id":"https:\/\/www.irishgenealogy.ie\/#website","url":"https:\/\/www.irishgenealogy.ie\/","name":"Irish Genealogy","description":"Explore Your Family History - Search Records","potentialAction":[{"@type":"SearchAction","target":{"@type":"EntryPoint","urlTemplate":"https:\/\/www.irishgenealogy.ie\/?s={search_term_string}"},"query-input":{"@type":"PropertyValueSpecification","valueRequired":true,"valueName":"search_term_string"}}],"inLanguage":"ga-IE"}]}},"_links":{"self":[{"href":"https:\/\/www.irishgenealogy.ie\/ga\/wp-json\/wp\/v2\/pages\/179","targetHints":{"allow":["GET"]}}],"collection":[{"href":"https:\/\/www.irishgenealogy.ie\/ga\/wp-json\/wp\/v2\/pages"}],"about":[{"href":"https:\/\/www.irishgenealogy.ie\/ga\/wp-json\/wp\/v2\/types\/page"}],"author":[{"embeddable":true,"href":"https:\/\/www.irishgenealogy.ie\/ga\/wp-json\/wp\/v2\/users\/2"}],"replies":[{"embeddable":true,"href":"https:\/\/www.irishgenealogy.ie\/ga\/wp-json\/wp\/v2\/comments?post=179"}],"version-history":[{"count":8,"href":"https:\/\/www.irishgenealogy.ie\/ga\/wp-json\/wp\/v2\/pages\/179\/revisions"}],"predecessor-version":[{"id":1667,"href":"https:\/\/www.irishgenealogy.ie\/ga\/wp-json\/wp\/v2\/pages\/179\/revisions\/1667"}],"up":[{"embeddable":true,"href":"https:\/\/www.irishgenealogy.ie\/ga\/wp-json\/wp\/v2\/pages\/187"}],"wp:attachment":[{"href":"https:\/\/www.irishgenealogy.ie\/ga\/wp-json\/wp\/v2\/media?parent=179"}],"curies":[{"name":"wp","href":"https:\/\/api.w.org\/{rel}","templated":true}]}}