{"id":183,"date":"2021-11-08T15:43:17","date_gmt":"2021-11-08T15:43:17","guid":{"rendered":"https:\/\/irishgenealogy.fusio.dev\/military-and-police-records\/"},"modified":"2025-04-24T16:20:56","modified_gmt":"2025-04-24T15:20:56","slug":"military-and-police-records","status":"publish","type":"page","link":"https:\/\/www.irishgenealogy.ie\/ga\/irish-records\/military-and-police-records\/","title":{"rendered":"Taifid maidir le hEagra\u00edochta\u00ed M\u00edleata agus P\u00f3il\u00edneachta"},"content":{"rendered":"<div class=\"container blockless\">\n<p class=\"has-text-color has-link-color has-medium-font-size wp-elements-f59ec4c7822d945eba900ac53ddb4089\" style=\"color:#757a15\"><strong>Taifid Eagra\u00edochta\u00ed M\u00edleata agus P\u00f3il\u00edneachta at\u00e1&nbsp;ar f\u00e1il ar l\u00edne:&nbsp;&nbsp;<\/strong>&nbsp;&nbsp;&nbsp;&nbsp;&nbsp;&nbsp;<\/p>\n<\/div>\n\n<div class=\"container blockless\">\n<ul class=\"wp-block-list\"><div class=\"container blockless\">\n<li class=\"has-black-color has-text-color has-link-color wp-elements-2ba844c0586ace585fd53ed6a9ee582e\"><a href=\"http:\/\/www.militaryarchives.ie\/\"><strong>An Chartlann Mh\u00edleata<\/strong><\/a> &nbsp;\u00c1ir\u00edtear ar na baili\u00fach\u00e1in at\u00e1 ar f\u00e1il ar l\u00edne Baili\u00fach\u00e1n na bPinsean Seirbh\u00edse M\u00edleata, taifid Daon\u00e1irimh Arm na h\u00c9ireann, Bi\u00far\u00f3 na Staire M\u00edleata, P\u00e1ip\u00e9ir\u00ed U\u00ed Choile\u00e1in, An t\u00d3glach (iris), The Irish Volunteer, Stair Aonaid na N\u00e1isi\u00fan Aontaithe agus eile.<\/li>\n<\/div>\n\n<div class=\"container blockless\">\n<li class=\"has-black-color has-text-color has-link-color wp-elements-c5e1920dae24cf5df7d47ded689f256e\"><a href=\"https:\/\/soldierswills.nationalarchives.ie\/search\/sw\/index.jsp\"><strong>An Chartlann N\u00e1isi\u00fanta <\/strong><\/a>&nbsp;T\u00e1 baili\u00fach\u00e1n sa chartlann d\u2019uachtanna shaighdi\u00fair\u00ed de chuid na h\u00c9ireann a bh\u00ed in Arm na Breataine nuair a fuair siad b\u00e1s. \u00d3 thr\u00e1th an Ch\u00e9ad Chogaidh Dhomhanda an chuid is m\u00f3 acu seo agus t\u00e1 l\u00edon beag \u00f3 dheireadh an 19\u00fa&nbsp;c\u00e9ad agus \u00f3 thr\u00e1th Chogadh na hAfraice Theas (1899-1902) ar f\u00e1il freisin.<\/li>\n<\/div>\n\n<div class=\"container blockless\">\n<li class=\"has-black-color has-text-color has-link-color wp-elements-06d5a9e154c92aa6c1fcffab734ee052\"><a href=\"https:\/\/www.nam.ac.uk\/soldiers-records\/persons\"><strong>The British&nbsp;National Army Museum<\/strong><\/a>&nbsp;T\u00e1 leabhair liost\u00e1la ar f\u00e1il ina bhfuil taifead ar shaighdi\u00fair\u00ed \u00c9ireannacha ag f\u00f3namh leis na&nbsp;Connaught Rangers, an Leinster Regiment, na Royal Dublin Fusiliers,&nbsp;an Royal Irish Regiment&nbsp;agus na&nbsp;Royal Munster Fusiliers \u00f3 1920-22.<\/li>\n<\/div>\n\n<div class=\"container blockless\">\n<li class=\"has-black-color has-text-color has-link-color wp-elements-cc9b6c1ad0c420ef2673eabae050cd0b\"><a href=\"https:\/\/www.worldwar1veterans.com\/\"><strong>World War I Veterans<\/strong><\/a>&nbsp;Tionscnamh deonach a cuireadh ar bun d&#8217;fhonn \u00c9ireannaigh a rinne saighdi\u00faireacht sa Ch\u00e9ad Chogadh Domhanda a thabhairt chun suntais (1914-1918).<\/li>\n<\/div>\n\n<div class=\"container blockless\">\n<li class=\"has-black-color has-text-color has-link-color wp-elements-df815edb8d1c971eea3902e262b9344e\"><a href=\"https:\/\/namenlijst.org\/publicsearch\/#\/\"><strong>In Flanders Fields Museum<\/strong><\/a>&nbsp;&nbsp;&nbsp;&nbsp;&nbsp;&nbsp;&nbsp;&nbsp; T\u00e1 Taifid Chuimhneach\u00e1in maidir le h\u00c9ireannaigh sa Ch\u00e9ad Chogadh Domhanda ar f\u00e1il.<\/li>\n<\/div>\n\n<div class=\"container blockless\">\n<li class=\"has-black-color has-text-color has-link-color wp-elements-98e4e23b92c7635dfc9db2c35e740cdb\"><a href=\"https:\/\/www.nationalarchives.gov.uk\/\"><strong>The British National Archives<\/strong><\/a>&nbsp;T\u00e1 buntaifid Arm na Breataine ar f\u00e1il ag an gcartlann seo i Londain. T\u00e1 taifid na gc\u00e1rta\u00ed maidir le boinn \u00fas\u00e1ideach i nd\u00e1il le taighde a dh\u00e9anamh ar lucht airm sa Ch\u00e9ad Chogadh Domhanda.<\/li>\n<\/div>\n\n<div class=\"container blockless\">\n<li class=\"has-black-color has-text-color has-link-color wp-elements-a373b43d65ad1588051c71ebc310f718\"><a href=\"https:\/\/www.ancestry.co.uk\/c\/ireland-dna\"><strong>Ancestry<\/strong><\/a>&nbsp;T\u00e1 athscr\u00edobh d\u00e9anta ar thaifid seirbh\u00edse maidir leis an gC\u00e9ad Chogadh Domhanda.<\/li>\n<\/div>\n\n<div class=\"container blockless\">\n<li class=\"has-black-color has-text-color has-link-color wp-elements-d806dcccc84c3d0304e41f5cb3a15ec4\"><a href=\"http:\/\/www.findmypast.co.uk\/\"><strong>Find my past<\/strong><\/a>&nbsp;T\u00e1 taifid seirbh\u00edse agus pinsin ar f\u00e1il maidir leis an r\u00e9 roimh 1914.&nbsp;<\/li>\n<\/div><\/ul>\n<\/div>\n\n<div class=\"container blockless\">\n<p><\/p>\n<\/div>","protected":false},"excerpt":{"rendered":"<p>Taifid Eagra\u00edochta\u00ed M\u00edleata agus P\u00f3il\u00edneachta at\u00e1&nbsp;ar f\u00e1il ar l\u00edne:&nbsp;&nbsp;&nbsp;&nbsp;&nbsp;&nbsp;&nbsp;&nbsp;<\/p>\n","protected":false},"author":2,"featured_media":0,"parent":188,"menu_order":0,"comment_status":"closed","ping_status":"closed","template":"","meta":{"_acf_changed":false,"footnotes":""},"class_list":["post-183","page","type-page","status-publish","hentry"],"acf":[],"yoast_head":"<!-- This site is optimized with the Yoast SEO plugin v27.2 - https:\/\/yoast.com\/product\/yoast-seo-wordpress\/ -->\n<title>Taifid maidir le hEagra\u00edochta\u00ed M\u00edleata agus P\u00f3il\u00edneachta - Irish Genealogy<\/title>\n<meta name=\"robots\" content=\"index, follow, max-snippet:-1, max-image-preview:large, max-video-preview:-1\" \/>\n<link rel=\"canonical\" href=\"https:\/\/www.irishgenealogy.ie\/ga\/irish-records\/military-and-police-records\/\" \/>\n<meta property=\"og:locale\" content=\"ga_IE\" \/>\n<meta property=\"og:type\" content=\"article\" \/>\n<meta property=\"og:title\" content=\"Taifid maidir le hEagra\u00edochta\u00ed M\u00edleata agus P\u00f3il\u00edneachta - Irish Genealogy\" \/>\n<meta property=\"og:description\" content=\"Taifid Eagra\u00edochta\u00ed M\u00edleata agus P\u00f3il\u00edneachta at\u00e1&nbsp;ar f\u00e1il ar l\u00edne:&nbsp;&nbsp;&nbsp;&nbsp;&nbsp;&nbsp;&nbsp;&nbsp;\" \/>\n<meta property=\"og:url\" content=\"https:\/\/www.irishgenealogy.ie\/ga\/irish-records\/military-and-police-records\/\" \/>\n<meta property=\"og:site_name\" content=\"Irish Genealogy\" \/>\n<meta property=\"article:modified_time\" content=\"2025-04-24T15:20:56+00:00\" \/>\n<meta name=\"twitter:card\" content=\"summary_large_image\" \/>\n<meta name=\"twitter:label1\" content=\"Est. reading time\" \/>\n\t<meta name=\"twitter:data1\" content=\"2 minutes\" \/>\n<script type=\"application\/ld+json\" class=\"yoast-schema-graph\">{\"@context\":\"https:\/\/schema.org\",\"@graph\":[{\"@type\":\"WebPage\",\"@id\":\"https:\/\/www.irishgenealogy.ie\/ga\/irish-records\/military-and-police-records\/\",\"url\":\"https:\/\/www.irishgenealogy.ie\/ga\/irish-records\/military-and-police-records\/\",\"name\":\"Taifid maidir le hEagra\u00edochta\u00ed M\u00edleata agus P\u00f3il\u00edneachta - Irish Genealogy\",\"isPartOf\":{\"@id\":\"https:\/\/www.irishgenealogy.ie\/#website\"},\"datePublished\":\"2021-11-08T15:43:17+00:00\",\"dateModified\":\"2025-04-24T15:20:56+00:00\",\"breadcrumb\":{\"@id\":\"https:\/\/www.irishgenealogy.ie\/ga\/irish-records\/military-and-police-records\/#breadcrumb\"},\"inLanguage\":\"ga-IE\",\"potentialAction\":[{\"@type\":\"ReadAction\",\"target\":[\"https:\/\/www.irishgenealogy.ie\/ga\/irish-records\/military-and-police-records\/\"]}]},{\"@type\":\"BreadcrumbList\",\"@id\":\"https:\/\/www.irishgenealogy.ie\/ga\/irish-records\/military-and-police-records\/#breadcrumb\",\"itemListElement\":[{\"@type\":\"ListItem\",\"position\":1,\"name\":\"Home\",\"item\":\"https:\/\/www.irishgenealogy.ie\/ga\/\"},{\"@type\":\"ListItem\",\"position\":2,\"name\":\"Taifid na h\u00c9ireann\",\"item\":\"https:\/\/www.irishgenealogy.ie\/ga\/irish-records\/\"},{\"@type\":\"ListItem\",\"position\":3,\"name\":\"Taifid maidir le hEagra\u00edochta\u00ed M\u00edleata agus P\u00f3il\u00edneachta\"}]},{\"@type\":\"WebSite\",\"@id\":\"https:\/\/www.irishgenealogy.ie\/#website\",\"url\":\"https:\/\/www.irishgenealogy.ie\/\",\"name\":\"Irish Genealogy\",\"description\":\"Explore Your Family History - Search Records\",\"potentialAction\":[{\"@type\":\"SearchAction\",\"target\":{\"@type\":\"EntryPoint\",\"urlTemplate\":\"https:\/\/www.irishgenealogy.ie\/?s={search_term_string}\"},\"query-input\":{\"@type\":\"PropertyValueSpecification\",\"valueRequired\":true,\"valueName\":\"search_term_string\"}}],\"inLanguage\":\"ga-IE\"}]}<\/script>\n<!-- \/ Yoast SEO plugin. -->","yoast_head_json":{"title":"Taifid maidir le hEagra\u00edochta\u00ed M\u00edleata agus P\u00f3il\u00edneachta - Irish Genealogy","robots":{"index":"index","follow":"follow","max-snippet":"max-snippet:-1","max-image-preview":"max-image-preview:large","max-video-preview":"max-video-preview:-1"},"canonical":"https:\/\/www.irishgenealogy.ie\/ga\/irish-records\/military-and-police-records\/","og_locale":"ga_IE","og_type":"article","og_title":"Taifid maidir le hEagra\u00edochta\u00ed M\u00edleata agus P\u00f3il\u00edneachta - Irish Genealogy","og_description":"Taifid Eagra\u00edochta\u00ed M\u00edleata agus P\u00f3il\u00edneachta at\u00e1&nbsp;ar f\u00e1il ar l\u00edne:&nbsp;&nbsp;&nbsp;&nbsp;&nbsp;&nbsp;&nbsp;&nbsp;","og_url":"https:\/\/www.irishgenealogy.ie\/ga\/irish-records\/military-and-police-records\/","og_site_name":"Irish Genealogy","article_modified_time":"2025-04-24T15:20:56+00:00","twitter_card":"summary_large_image","twitter_misc":{"Est. reading time":"2 minutes"},"schema":{"@context":"https:\/\/schema.org","@graph":[{"@type":"WebPage","@id":"https:\/\/www.irishgenealogy.ie\/ga\/irish-records\/military-and-police-records\/","url":"https:\/\/www.irishgenealogy.ie\/ga\/irish-records\/military-and-police-records\/","name":"Taifid maidir le hEagra\u00edochta\u00ed M\u00edleata agus P\u00f3il\u00edneachta - Irish Genealogy","isPartOf":{"@id":"https:\/\/www.irishgenealogy.ie\/#website"},"datePublished":"2021-11-08T15:43:17+00:00","dateModified":"2025-04-24T15:20:56+00:00","breadcrumb":{"@id":"https:\/\/www.irishgenealogy.ie\/ga\/irish-records\/military-and-police-records\/#breadcrumb"},"inLanguage":"ga-IE","potentialAction":[{"@type":"ReadAction","target":["https:\/\/www.irishgenealogy.ie\/ga\/irish-records\/military-and-police-records\/"]}]},{"@type":"BreadcrumbList","@id":"https:\/\/www.irishgenealogy.ie\/ga\/irish-records\/military-and-police-records\/#breadcrumb","itemListElement":[{"@type":"ListItem","position":1,"name":"Home","item":"https:\/\/www.irishgenealogy.ie\/ga\/"},{"@type":"ListItem","position":2,"name":"Taifid na h\u00c9ireann","item":"https:\/\/www.irishgenealogy.ie\/ga\/irish-records\/"},{"@type":"ListItem","position":3,"name":"Taifid maidir le hEagra\u00edochta\u00ed M\u00edleata agus P\u00f3il\u00edneachta"}]},{"@type":"WebSite","@id":"https:\/\/www.irishgenealogy.ie\/#website","url":"https:\/\/www.irishgenealogy.ie\/","name":"Irish Genealogy","description":"Explore Your Family History - Search Records","potentialAction":[{"@type":"SearchAction","target":{"@type":"EntryPoint","urlTemplate":"https:\/\/www.irishgenealogy.ie\/?s={search_term_string}"},"query-input":{"@type":"PropertyValueSpecification","valueRequired":true,"valueName":"search_term_string"}}],"inLanguage":"ga-IE"}]}},"_links":{"self":[{"href":"https:\/\/www.irishgenealogy.ie\/ga\/wp-json\/wp\/v2\/pages\/183","targetHints":{"allow":["GET"]}}],"collection":[{"href":"https:\/\/www.irishgenealogy.ie\/ga\/wp-json\/wp\/v2\/pages"}],"about":[{"href":"https:\/\/www.irishgenealogy.ie\/ga\/wp-json\/wp\/v2\/types\/page"}],"author":[{"embeddable":true,"href":"https:\/\/www.irishgenealogy.ie\/ga\/wp-json\/wp\/v2\/users\/2"}],"replies":[{"embeddable":true,"href":"https:\/\/www.irishgenealogy.ie\/ga\/wp-json\/wp\/v2\/comments?post=183"}],"version-history":[{"count":7,"href":"https:\/\/www.irishgenealogy.ie\/ga\/wp-json\/wp\/v2\/pages\/183\/revisions"}],"predecessor-version":[{"id":2003,"href":"https:\/\/www.irishgenealogy.ie\/ga\/wp-json\/wp\/v2\/pages\/183\/revisions\/2003"}],"up":[{"embeddable":true,"href":"https:\/\/www.irishgenealogy.ie\/ga\/wp-json\/wp\/v2\/pages\/188"}],"wp:attachment":[{"href":"https:\/\/www.irishgenealogy.ie\/ga\/wp-json\/wp\/v2\/media?parent=183"}],"curies":[{"name":"wp","href":"https:\/\/api.w.org\/{rel}","templated":true}]}}